{"id":440,"date":"2016-01-08T07:17:26","date_gmt":"2016-01-08T07:17:26","guid":{"rendered":"http:\/\/consulting.stylemixthemes.com\/demo\/?page_id=440"},"modified":"2016-01-08T07:17:26","modified_gmt":"2016-01-08T07:17:26","slug":"our-team-list","status":"publish","type":"page","link":"https:\/\/studio-kuri.com\/sq\/company-overview\/our-team-list\/","title":{"rendered":"Our team list"},"content":{"rendered":"<div class=\"wpb-content-wrapper\"><div class=\"vc_row wpb_row vc_row-fluid vc_custom_1459506521748\"><div class=\"wpb_column vc_column_container vc_col-sm-12 vc_col-lg-9 vc_col-md-9\"><div class=\"vc_column-inner\"><div class=\"wpb_wrapper\"><div class=\"vc_custom_heading vc_custom_1452247174165 text_align_left\" ><h2 style=\"text-align: left\" class=\"consulting-custom-title\">Our team list<\/h2><\/div>\n\n    <div class=\"staff_list list img_default\">\n        <ul class=\"\">\n                            <li>\n                    \n                                                <div class=\"staff_info\">\n                            <h4 class=\"no_stripe\">\n                                <a href=\"https:\/\/studio-kuri.com\/sq\/staff\/polikrat-kuri\/\" class=\"secondary_font_color_hv text_decoration_none\">Polikrat Kuri<\/a>\n                            <\/h4>\n                                                            <div class=\"staff_department\">\n                                    Founder &amp; CEO                                <\/div>\n                                                                                        <p>The founder of Consulting WP, he has been the captain of this ship from the beginning and has sailed it to the successful behemoth it is today. He is known...<\/p>\n                                                                                        <a href=\"https:\/\/studio-kuri.com\/sq\/staff\/polikrat-kuri\/\"\n                                   class=\"button bordered size-sm icon_right\">view profile                                    <i class=\"fa fa-chevron-right\"><\/i><\/a>\n                                                    <\/div>\n\n                <\/li>\n                                <\/ul>\n\n    <\/div>\n\n<div class=\"stm-spacing\" id=\"stm-spacing-69f48e0792a80\"><\/div>\n<script>\n    (function($){\n        \"use strict\";\n        var spacingID = 'stm-spacing-69f48e0792a80',\n            lgSpacing = '0',\n            mdSpacing = '0',\n            smSpacing = '60',\n            xsSpacing = '60';\n\n        function stmSpacing() {\n            if ( window.matchMedia(\"(min-width: 1200px)\").matches && lgSpacing ) {\n                $( '#' + spacingID ).css ( \"height\", lgSpacing );\n            } else if ( window.matchMedia(\"(max-width: 1199px) and (min-width: 992px )\").matches && mdSpacing ) {\n                $( '#' + spacingID ).css ( \"height\", mdSpacing );\n            } else if ( window.matchMedia(\"(max-width: 991px) and (min-width: 768px )\").matches && smSpacing ) {\n                $( '#' + spacingID ).css ( \"height\", smSpacing );\n            } else if ( window.matchMedia(\"(max-width: 767px)\").matches && xsSpacing ) {\n                $( '#' + spacingID ).css ( \"height\", xsSpacing );\n            } else {\n                $( '#' + spacingID ).css ( \"height\", \"\" );\n            }\n        }\n\n        $(document).ready(function() {\n            stmSpacing();\n        });\n\n        $(window).resize(function() {\n            stmSpacing();\n        });\n\n    })(jQuery);\n<\/script><\/div><\/div><\/div><div class=\"wpb_column vc_column_container vc_col-sm-12 vc_col-lg-3 vc_col-md-3\"><div class=\"vc_column-inner\"><div class=\"wpb_wrapper\">\n<div class=\"stm_sidebar\">\n\n            <style type=\"text\/css\" scoped>\n            .vc_custom_1451998133493{margin-bottom: 30px !important;}.vc_custom_1452056597103{margin-right: 0px !important;margin-bottom: 30px !important;margin-left: 0px !important;}.vc_custom_1452056633692{padding-top: 37px !important;padding-right: 30px !important;padding-bottom: 40px !important;padding-left: 30px !important;}.vc_custom_1559381175489{margin-bottom: 9px !important;}.vc_custom_1727650189142{margin-bottom: 17px !important;}        <\/style>\n        <div class=\"wpb-content-wrapper\"><div class=\"vc_row wpb_row vc_row-fluid vc_custom_1451998133493\"><div class=\"wpb_column vc_column_container vc_col-sm-12\"><div class=\"vc_column-inner\"><div class=\"wpb_wrapper\"><div class=\"vc_wp_custommenu wpb_content_element mb-30\"><\/div><div class=\"vc_btn3-container vc_btn3-left\" ><button class=\"vc_general vc_btn3 vc_btn3-size-lg vc_btn3-shape-rounded vc_btn3-style-flat vc_btn3-block vc_btn3-icon-left vc_btn3-color-theme_style_1\"><i class=\"vc_btn3-icon fa fa-file-pdf-o\"><\/i> Company presentation<\/button><\/div><\/div><\/div><\/div><\/div><div class=\"vc_row wpb_row vc_row-fluid third_bg_color vc_custom_1452056597103\"><div class=\"wpb_column vc_column_container vc_col-sm-12\"><div class=\"vc_column-inner vc_custom_1452056633692\"><div class=\"wpb_wrapper\"><div class=\"vc_custom_heading vc_custom_1559381175489 text_align_left title_no_stripe\" ><h4 style=\"font-size: 16px;color: #222222;text-align: left\" class=\"consulting-custom-title\">how can we help you?<\/h4><\/div>\n\t<div class=\"wpb_text_column wpb_content_element  wpb_animate_when_almost_visible wpb_fadeIn fadeIn vc_custom_1727650189142\" >\n\t\t<div class=\"wpb_wrapper\">\n\t\t\t<p><span style=\"font-size: 13px; line-height: 22px; color: #222222;\">Na kontaktoni n\u00eb zyr\u00ebn e Studio Kuri m\u00eb af\u00ebr jush ose b\u00ebni nj\u00eb k\u00ebrkes\u00eb biznesi online.<\/span><\/p>\n\n\t\t<\/div>\n\t<\/div>\n<div class=\"vc_btn3-container vc_btn3-inline\" ><button class=\"vc_general vc_btn3 vc_btn3-size-sm vc_btn3-shape-rounded vc_btn3-style-flat vc_btn3-icon-left vc_btn3-color-white\"><i class=\"vc_btn3-icon fa fa-phone-square\"><\/i> contacts<\/button><\/div><\/div><\/div><\/div><\/div>\n<\/div>    \n<\/div><\/div><\/div><\/div><\/div><div data-vc-full-width=\"true\" data-vc-full-width-init=\"false\" class=\"vc_row wpb_row vc_row-fluid third_bg_color vc_custom_1459505959648\"><div class=\"wpb_column vc_column_container vc_col-sm-12\"><div class=\"vc_column-inner\"><div class=\"wpb_wrapper\">\n<section class=\"vc_cta3-container\" >\n    <div class=\"vc_general vc_cta3 third_bg_color vc_cta3-style-flat vc_cta3-shape-square vc_cta3-align-left vc_cta3-color-classic vc_cta3-icon-size-md vc_cta3-actions-right vc_custom_1545390431613 style=\"\"\">\n                        <div class=\"vc_cta3_content-container\">\n                                    <div class=\"vc_cta3-content\">\n                <header class=\"vc_cta3-content-header\">\n                    <div class=\"vc_custom_heading\" ><h2 style=\"font-size: 20px;color: #000000;line-height: 24px\" class=\"consulting-custom-title\">Po k\u00ebrkoni nj\u00eb konsulent t\u00eb planit t\u00eb biznesit t\u00eb klasit t\u00eb par\u00eb?<\/h2><\/div>                                    <\/header>\n                            <\/div>\n                        <div class=\"vc_cta3-actions\"><div class=\"vc_btn3-container vc_btn3-right\" ><a class=\"vc_general vc_btn3 vc_btn3-size-lg vc_btn3-shape-rounded vc_btn3-style-flat vc_btn3-icon-right vc_btn3-color-theme_style_2\" href=\"#\" title=\"\">Kontakto <i class=\"vc_btn3-icon fa fa-chevron-right\"><\/i><\/a><\/div><\/div>        <\/div>\n                    <\/div>\n<\/section><\/div><\/div><\/div><\/div><div class=\"vc_row-full-width vc_clearfix\"><\/div>\n<\/div>","protected":false},"excerpt":{"rendered":"Polikrat KuriFounder &amp; CEO Areas of expertise Professional CV: Director of Finance Year 1989-1992 Head of Taxes Year 1992-1994 Auditor at the Ministry of Foreign Affairs, 1994-1999 Administrator of Studio Kuri since 1999 Foreign language: English, French Member of the Institute of Chartered Accountants Education Accountant Administrator of Studio Kuri University of Tirana, Faculty of","protected":false},"author":1,"featured_media":0,"parent":9,"menu_order":0,"comment_status":"closed","ping_status":"closed","template":"","meta":{"footnotes":""},"class_list":["post-440","page","type-page","status-publish","hentry"],"yoast_head":"<!-- This site is optimized with the Yoast SEO Premium plugin v21.5 (Yoast SEO v26.8) - https:\/\/yoast.com\/product\/yoast-seo-premium-wordpress\/ -->\n<title>Our team list - Studio Kuri<\/title>\n<meta name=\"robots\" content=\"index, follow, max-snippet:-1, max-image-preview:large, max-video-preview:-1\" \/>\n<link rel=\"canonical\" href=\"https:\/\/studio-kuri.com\/sq\/company-overview\/our-team-list\/\" \/>\n<meta property=\"og:locale\" content=\"sq_AL\" \/>\n<meta property=\"og:type\" content=\"article\" \/>\n<meta property=\"og:title\" content=\"Our team list\" \/>\n<meta property=\"og:url\" content=\"https:\/\/studio-kuri.com\/sq\/company-overview\/our-team-list\/\" \/>\n<meta property=\"og:site_name\" content=\"Studio Kuri\" \/>\n<meta property=\"og:image\" content=\"https:\/\/studio-kuri.com\/wp-content\/uploads\/2023\/11\/Poli-Logo_2-trans.png\" \/>\n\t<meta property=\"og:image:width\" content=\"894\" \/>\n\t<meta property=\"og:image:height\" content=\"269\" \/>\n\t<meta property=\"og:image:type\" content=\"image\/png\" \/>\n<meta name=\"twitter:card\" content=\"summary_large_image\" \/>\n<meta name=\"twitter:label1\" content=\"Est. reading time\" \/>\n\t<meta name=\"twitter:data1\" content=\"1 minut\u00eb\" \/>\n<script type=\"application\/ld+json\" class=\"yoast-schema-graph\">{\"@context\":\"https:\/\/schema.org\",\"@graph\":[{\"@type\":\"WebPage\",\"@id\":\"https:\/\/studio-kuri.com\/company-overview\/our-team-list\/\",\"url\":\"https:\/\/studio-kuri.com\/company-overview\/our-team-list\/\",\"name\":\"Our team list - Studio Kuri\",\"isPartOf\":{\"@id\":\"https:\/\/studio-kuri.com\/#website\"},\"datePublished\":\"2016-01-08T07:17:26+00:00\",\"breadcrumb\":{\"@id\":\"https:\/\/studio-kuri.com\/company-overview\/our-team-list\/#breadcrumb\"},\"inLanguage\":\"sq\",\"potentialAction\":[{\"@type\":\"ReadAction\",\"target\":[\"https:\/\/studio-kuri.com\/company-overview\/our-team-list\/\"]}]},{\"@type\":\"BreadcrumbList\",\"@id\":\"https:\/\/studio-kuri.com\/company-overview\/our-team-list\/#breadcrumb\",\"itemListElement\":[{\"@type\":\"ListItem\",\"position\":1,\"name\":\"Home\",\"item\":\"https:\/\/studio-kuri.com\/\"},{\"@type\":\"ListItem\",\"position\":2,\"name\":\"Company overview\",\"item\":\"https:\/\/studio-kuri.com\/company-overview\/\"},{\"@type\":\"ListItem\",\"position\":3,\"name\":\"Our team list\"}]},{\"@type\":\"WebSite\",\"@id\":\"https:\/\/studio-kuri.com\/#website\",\"url\":\"https:\/\/studio-kuri.com\/\",\"name\":\"Studio Kuri\",\"description\":\"Studio Kuri Konsulence ekonomike dhe financiare\",\"publisher\":{\"@id\":\"https:\/\/studio-kuri.com\/#organization\"},\"potentialAction\":[{\"@type\":\"SearchAction\",\"target\":{\"@type\":\"EntryPoint\",\"urlTemplate\":\"https:\/\/studio-kuri.com\/?s={search_term_string}\"},\"query-input\":{\"@type\":\"PropertyValueSpecification\",\"valueRequired\":true,\"valueName\":\"search_term_string\"}}],\"inLanguage\":\"sq\"},{\"@type\":\"Organization\",\"@id\":\"https:\/\/studio-kuri.com\/#organization\",\"name\":\"Studio Kuri\",\"url\":\"https:\/\/studio-kuri.com\/\",\"logo\":{\"@type\":\"ImageObject\",\"inLanguage\":\"sq\",\"@id\":\"https:\/\/studio-kuri.com\/#\/schema\/logo\/image\/\",\"url\":\"https:\/\/studio-kuri.com\/wp-content\/uploads\/2023\/11\/Poli-Logo_2-trans.png\",\"contentUrl\":\"https:\/\/studio-kuri.com\/wp-content\/uploads\/2023\/11\/Poli-Logo_2-trans.png\",\"width\":894,\"height\":269,\"caption\":\"Studio Kuri\"},\"image\":{\"@id\":\"https:\/\/studio-kuri.com\/#\/schema\/logo\/image\/\"}}]}<\/script>\n<!-- \/ Yoast SEO Premium plugin. -->","yoast_head_json":{"title":"Our team list - Studio Kuri","robots":{"index":"index","follow":"follow","max-snippet":"max-snippet:-1","max-image-preview":"max-image-preview:large","max-video-preview":"max-video-preview:-1"},"canonical":"https:\/\/studio-kuri.com\/sq\/company-overview\/our-team-list\/","og_locale":"sq_AL","og_type":"article","og_title":"Our team list","og_url":"https:\/\/studio-kuri.com\/sq\/company-overview\/our-team-list\/","og_site_name":"Studio Kuri","og_image":[{"width":894,"height":269,"url":"https:\/\/studio-kuri.com\/wp-content\/uploads\/2023\/11\/Poli-Logo_2-trans.png","type":"image\/png"}],"twitter_card":"summary_large_image","twitter_misc":{"Est. reading time":"1 minut\u00eb"},"schema":{"@context":"https:\/\/schema.org","@graph":[{"@type":"WebPage","@id":"https:\/\/studio-kuri.com\/company-overview\/our-team-list\/","url":"https:\/\/studio-kuri.com\/company-overview\/our-team-list\/","name":"Our team list - Studio Kuri","isPartOf":{"@id":"https:\/\/studio-kuri.com\/#website"},"datePublished":"2016-01-08T07:17:26+00:00","breadcrumb":{"@id":"https:\/\/studio-kuri.com\/company-overview\/our-team-list\/#breadcrumb"},"inLanguage":"sq","potentialAction":[{"@type":"ReadAction","target":["https:\/\/studio-kuri.com\/company-overview\/our-team-list\/"]}]},{"@type":"BreadcrumbList","@id":"https:\/\/studio-kuri.com\/company-overview\/our-team-list\/#breadcrumb","itemListElement":[{"@type":"ListItem","position":1,"name":"Home","item":"https:\/\/studio-kuri.com\/"},{"@type":"ListItem","position":2,"name":"Company overview","item":"https:\/\/studio-kuri.com\/company-overview\/"},{"@type":"ListItem","position":3,"name":"Our team list"}]},{"@type":"WebSite","@id":"https:\/\/studio-kuri.com\/#website","url":"https:\/\/studio-kuri.com\/","name":"Studio Kuri","description":"Studio Kuri Konsulence ekonomike dhe financiare","publisher":{"@id":"https:\/\/studio-kuri.com\/#organization"},"potentialAction":[{"@type":"SearchAction","target":{"@type":"EntryPoint","urlTemplate":"https:\/\/studio-kuri.com\/?s={search_term_string}"},"query-input":{"@type":"PropertyValueSpecification","valueRequired":true,"valueName":"search_term_string"}}],"inLanguage":"sq"},{"@type":"Organization","@id":"https:\/\/studio-kuri.com\/#organization","name":"Studio Kuri","url":"https:\/\/studio-kuri.com\/","logo":{"@type":"ImageObject","inLanguage":"sq","@id":"https:\/\/studio-kuri.com\/#\/schema\/logo\/image\/","url":"https:\/\/studio-kuri.com\/wp-content\/uploads\/2023\/11\/Poli-Logo_2-trans.png","contentUrl":"https:\/\/studio-kuri.com\/wp-content\/uploads\/2023\/11\/Poli-Logo_2-trans.png","width":894,"height":269,"caption":"Studio Kuri"},"image":{"@id":"https:\/\/studio-kuri.com\/#\/schema\/logo\/image\/"}}]}},"_links":{"self":[{"href":"https:\/\/studio-kuri.com\/sq\/wp-json\/wp\/v2\/pages\/440","targetHints":{"allow":["GET"]}}],"collection":[{"href":"https:\/\/studio-kuri.com\/sq\/wp-json\/wp\/v2\/pages"}],"about":[{"href":"https:\/\/studio-kuri.com\/sq\/wp-json\/wp\/v2\/types\/page"}],"author":[{"embeddable":true,"href":"https:\/\/studio-kuri.com\/sq\/wp-json\/wp\/v2\/users\/1"}],"replies":[{"embeddable":true,"href":"https:\/\/studio-kuri.com\/sq\/wp-json\/wp\/v2\/comments?post=440"}],"version-history":[{"count":0,"href":"https:\/\/studio-kuri.com\/sq\/wp-json\/wp\/v2\/pages\/440\/revisions"}],"up":[{"embeddable":true,"href":"https:\/\/studio-kuri.com\/sq\/wp-json\/wp\/v2\/pages\/9"}],"wp:attachment":[{"href":"https:\/\/studio-kuri.com\/sq\/wp-json\/wp\/v2\/media?parent=440"}],"curies":[{"name":"wp","href":"https:\/\/api.w.org\/{rel}","templated":true}]}}