{"id":408,"date":"2016-01-07T09:31:53","date_gmt":"2016-01-07T09:31:53","guid":{"rendered":"http:\/\/consulting.stylemixthemes.com\/demo\/?page_id=408"},"modified":"2016-01-07T09:31:53","modified_gmt":"2016-01-07T09:31:53","slug":"careers","status":"publish","type":"page","link":"https:\/\/studio-kuri.com\/sq\/company-overview\/careers\/","title":{"rendered":"Careers"},"content":{"rendered":"<div class=\"wpb-content-wrapper\"><div class=\"vc_row wpb_row vc_row-fluid vc_custom_1459506339266\"><div class=\"wpb_column vc_column_container vc_col-sm-12 vc_col-lg-9 vc_col-md-9\"><div class=\"vc_column-inner\"><div class=\"wpb_wrapper\">\n\t<div class=\"wpb_text_column wpb_content_element  vc_custom_1549462825715\" >\n\t\t<div class=\"wpb_wrapper\">\n\t\t\t<h2>Careers<\/h2>\n<p>Consulting WP is the name of a collection of individuals who believe in excellence. We specialize in hiring people who have the drive to succeed and the will to implement the discipline required to succeed. We focus on nurturing our team and providing our team an environment that is conductive to creative thought. We focus on eliminating stress and pressure so our team can think clearly and creatively.<\/p>\n\n\t\t<\/div>\n\t<\/div>\n<div class=\"vc_tta-container\" data-vc-action=\"collapse\"><div class=\"vc_general vc_tta vc_tta-accordion vc_tta-color-grey vc_tta-style-classic vc_tta-shape-square vc_tta-o-shape-group vc_tta-controls-align-default vc_custom_1453467174989\"><div class=\"vc_tta-panels-container\"><div class=\"vc_tta-panels\"><div class=\"vc_tta-panel vc_active\" id=\"1452160548343-003e17f2-760d\" data-vc-content=\".vc_tta-panel-body\"><div class=\"vc_tta-panel-heading\"><h4 class=\"vc_tta-panel-title vc_tta-controls-icon-position-right\"><a href=\"#1452160548343-003e17f2-760d\" data-vc-accordion data-vc-container=\".vc_tta-container\"><span class=\"vc_tta-title-text\">What does Consulting WP do?<\/span><i class=\"vc_tta-controls-icon vc_tta-controls-icon-plus\"><\/i><\/a><\/h4><\/div><div class=\"vc_tta-panel-body\">\n\t<div class=\"wpb_text_column wpb_content_element\" >\n\t\t<div class=\"wpb_wrapper\">\n\t\t\t<p>When you work at Consulting WP, you get to be part of a team that is known for its performance. We are efficiency driven professionals who focus on the endgame.<\/p>\n\n\t\t<\/div>\n\t<\/div>\n<\/div><\/div><div class=\"vc_tta-panel\" id=\"1452160738660-5468e659-6776\" data-vc-content=\".vc_tta-panel-body\"><div class=\"vc_tta-panel-heading\"><h4 class=\"vc_tta-panel-title vc_tta-controls-icon-position-right\"><a href=\"#1452160738660-5468e659-6776\" data-vc-accordion data-vc-container=\".vc_tta-container\"><span class=\"vc_tta-title-text\">What industries do you specialize in?<\/span><i class=\"vc_tta-controls-icon vc_tta-controls-icon-plus\"><\/i><\/a><\/h4><\/div><div class=\"vc_tta-panel-body\">\n\t<div class=\"wpb_text_column wpb_content_element\" >\n\t\t<div class=\"wpb_wrapper\">\n\t\t\t<p>Consulting WP focuses not just on recruiting individuals that are performance oriented but also on developing them. To us it is important to ensure that our clients are satisfied and are being served with the care and respect they deserve.<\/p>\n\n\t\t<\/div>\n\t<\/div>\n<\/div><\/div><div class=\"vc_tta-panel\" id=\"1452160747001-6a933eea-21de\" data-vc-content=\".vc_tta-panel-body\"><div class=\"vc_tta-panel-heading\"><h4 class=\"vc_tta-panel-title vc_tta-controls-icon-position-right\"><a href=\"#1452160747001-6a933eea-21de\" data-vc-accordion data-vc-container=\".vc_tta-container\"><span class=\"vc_tta-title-text\">Can you help us raise money?<\/span><i class=\"vc_tta-controls-icon vc_tta-controls-icon-plus\"><\/i><\/a><\/h4><\/div><div class=\"vc_tta-panel-body\">\n\t<div class=\"wpb_text_column wpb_content_element\" >\n\t\t<div class=\"wpb_wrapper\">\n\t\t\t<p>Once we see the potential in someone and recruit them we ensure that they get an environment in which they can actually realize their potential. Stress and pressure are the enemies of productivity and creativity, we aim to decrease them as much as possible.<\/p>\n\n\t\t<\/div>\n\t<\/div>\n<\/div><\/div><\/div><\/div><\/div><\/div><div class=\"vc_row wpb_row vc_inner vc_row-fluid vc_custom_1453463400247\"><div class=\"wpb_column vc_column_container vc_col-sm-6\"><div class=\"vc_column-inner\"><div class=\"wpb_wrapper\">\n\t<div class=\"wpb_video_widget wpb_content_element has_no_poster\">\n\t\t<div class=\"wpb_wrapper\"><div class=\"wpb_video_wrapper\"><div class=\"video\" style=\"width: 380px; height: 400px;\"><iframe src=\"https:\/\/www.youtube.com\/embed\/w0RGnXpf9LU\" frameborder=\"0\" webkitallowfullscreen mozallowfullscreen allowfullscreen allow=\"autoplay\"><\/iframe><\/div><\/div>\n\t\t<\/div> \n\t<\/div> <\/div><\/div><\/div><div class=\"wpb_column vc_column_container vc_col-sm-6\"><div class=\"vc_column-inner\"><div class=\"wpb_wrapper\"><div class=\"stm-spacing\" id=\"stm-spacing-69f26e540809b\"><\/div>\n<script>\n    (function($){\n        \"use strict\";\n        var spacingID = 'stm-spacing-69f26e540809b',\n            lgSpacing = '0',\n            mdSpacing = '0',\n            smSpacing = '0',\n            xsSpacing = '30';\n\n        function stmSpacing() {\n            if ( window.matchMedia(\"(min-width: 1200px)\").matches && lgSpacing ) {\n                $( '#' + spacingID ).css ( \"height\", lgSpacing );\n            } else if ( window.matchMedia(\"(max-width: 1199px) and (min-width: 992px )\").matches && mdSpacing ) {\n                $( '#' + spacingID ).css ( \"height\", mdSpacing );\n            } else if ( window.matchMedia(\"(max-width: 991px) and (min-width: 768px )\").matches && smSpacing ) {\n                $( '#' + spacingID ).css ( \"height\", smSpacing );\n            } else if ( window.matchMedia(\"(max-width: 767px)\").matches && xsSpacing ) {\n                $( '#' + spacingID ).css ( \"height\", xsSpacing );\n            } else {\n                $( '#' + spacingID ).css ( \"height\", \"\" );\n            }\n        }\n\n        $(document).ready(function() {\n            stmSpacing();\n        });\n\n        $(window).resize(function() {\n            stmSpacing();\n        });\n\n    })(jQuery);\n<\/script><div class=\"vc_custom_heading no_stripe remove_padding vc_custom_1549463977651 text_align_left\" ><h4 style=\"color: #222222;text-align: left\" class=\"consulting-custom-title\">Benefits and rewards<\/h4><\/div>\n\t<div class=\"wpb_text_column wpb_content_element\" >\n\t\t<div class=\"wpb_wrapper\">\n\t\t\t<p>We care for our clients&#8217; business as our business. We think and act like business partners, not academic advisors. We share our clients&#8217; aspirations, work to understand their reality, and align our incentives with their objectives \u2014 so they know we&#8217;re in this together.<\/p>\n<p>Personal impact, mentoring, and teamwork are just a few of the benefits of building a career at Consulting WP.<\/p>\n\n\t\t<\/div>\n\t<\/div>\n<\/div><\/div><\/div><\/div><div class=\"vc_custom_heading no_stripe vc_custom_1549463987853 text_align_left\" ><h4 style=\"color: #222222;text-align: left\" class=\"consulting-custom-title\">Open positions<\/h4><\/div>    <div class=\"vacancy_table_wr style_1\">\n\n        \n            <table class=\"vacancy_table\" id=\"vacancy_table_1702282349\">\n                <thead>\n                <tr>\n                    <th>Job Posting Title<\/th>\n                    <th class=\"location\">Location<\/th>\n                    <th>Department<\/th>\n                    <th>Date<\/th>\n                <\/tr>\n                <\/thead>\n                <tbody>\n\n                                    <tr>\n                        <td><a href=\"https:\/\/studio-kuri.com\/sq\/careers_archive\/senior-industrial-planner\/\">Senior Industrial Planner<\/a><\/td>\n                        <td class=\"location\">Oak Ridge, TN, US<\/td>\n                        <td>Civil Construction<\/td>\n                        <td><\/td>\n                    <\/tr>\n                                    <tr>\n                        <td><a href=\"https:\/\/studio-kuri.com\/sq\/careers_archive\/deputy-principal-construction-manager-2\/\">Deputy Principal Construction Manager<\/a><\/td>\n                        <td class=\"location\">Brooklyn, NY, US<\/td>\n                        <td>Project Management<\/td>\n                        <td><\/td>\n                    <\/tr>\n                                    <tr>\n                        <td><a href=\"https:\/\/studio-kuri.com\/sq\/careers_archive\/senior-programme-manager\/\">Senior Programme Manager<\/a><\/td>\n                        <td class=\"location\">Houston, TX, US<\/td>\n                        <td>Project Management<\/td>\n                        <td><\/td>\n                    <\/tr>\n                                    <tr>\n                        <td><a href=\"https:\/\/studio-kuri.com\/sq\/careers_archive\/deputy-principal-construction-manager\/\">Deputy Principal Construction Manager<\/a><\/td>\n                        <td class=\"location\">Toronto,Ontario, CA<\/td>\n                        <td>Project Management<\/td>\n                        <td><\/td>\n                    <\/tr>\n                                    <tr>\n                        <td><a href=\"https:\/\/studio-kuri.com\/sq\/careers_archive\/flot-export-document-processing-agent\/\">Programme Engineering Manager<\/a><\/td>\n                        <td class=\"location\">Richland, WA, US<\/td>\n                        <td>Project Management<\/td>\n                        <td><\/td>\n                    <\/tr>\n                \n                <\/tbody>\n            <\/table>\n\n        \n        <script type=\"text\/javascript\">\n            jQuery(document).ready(function ($) {\n                $(\"#vacancy_table_1702282349\").tablesorter();\n            });\n        <\/script>\n    <\/div>\n<div class=\"stm-spacing\" id=\"stm-spacing-69f26e5409cab\"><\/div>\n<script>\n    (function($){\n        \"use strict\";\n        var spacingID = 'stm-spacing-69f26e5409cab',\n            lgSpacing = '0',\n            mdSpacing = '0',\n            smSpacing = '40',\n            xsSpacing = '40';\n\n        function stmSpacing() {\n            if ( window.matchMedia(\"(min-width: 1200px)\").matches && lgSpacing ) {\n                $( '#' + spacingID ).css ( \"height\", lgSpacing );\n            } else if ( window.matchMedia(\"(max-width: 1199px) and (min-width: 992px )\").matches && mdSpacing ) {\n                $( '#' + spacingID ).css ( \"height\", mdSpacing );\n            } else if ( window.matchMedia(\"(max-width: 991px) and (min-width: 768px )\").matches && smSpacing ) {\n                $( '#' + spacingID ).css ( \"height\", smSpacing );\n            } else if ( window.matchMedia(\"(max-width: 767px)\").matches && xsSpacing ) {\n                $( '#' + spacingID ).css ( \"height\", xsSpacing );\n            } else {\n                $( '#' + spacingID ).css ( \"height\", \"\" );\n            }\n        }\n\n        $(document).ready(function() {\n            stmSpacing();\n        });\n\n        $(window).resize(function() {\n            stmSpacing();\n        });\n\n    })(jQuery);\n<\/script><\/div><\/div><\/div><div class=\"wpb_column vc_column_container vc_col-sm-12 vc_col-lg-3 vc_col-md-3\"><div class=\"vc_column-inner\"><div class=\"wpb_wrapper\">\n<div class=\"stm_sidebar\">\n\n            <style type=\"text\/css\" scoped>\n            .vc_custom_1451998133493{margin-bottom: 30px !important;}.vc_custom_1452056597103{margin-right: 0px !important;margin-bottom: 30px !important;margin-left: 0px !important;}.vc_custom_1452056633692{padding-top: 37px !important;padding-right: 30px !important;padding-bottom: 40px !important;padding-left: 30px !important;}.vc_custom_1559381175489{margin-bottom: 9px !important;}.vc_custom_1727650189142{margin-bottom: 17px !important;}        <\/style>\n        <div class=\"wpb-content-wrapper\"><div class=\"vc_row wpb_row vc_row-fluid vc_custom_1451998133493\"><div class=\"wpb_column vc_column_container vc_col-sm-12\"><div class=\"vc_column-inner\"><div class=\"wpb_wrapper\"><div class=\"vc_wp_custommenu wpb_content_element mb-30\"><\/div><div class=\"vc_btn3-container vc_btn3-left\" ><button class=\"vc_general vc_btn3 vc_btn3-size-lg vc_btn3-shape-rounded vc_btn3-style-flat vc_btn3-block vc_btn3-icon-left vc_btn3-color-theme_style_1\"><i class=\"vc_btn3-icon fa fa-file-pdf-o\"><\/i> Company presentation<\/button><\/div><\/div><\/div><\/div><\/div><div class=\"vc_row wpb_row vc_row-fluid third_bg_color vc_custom_1452056597103\"><div class=\"wpb_column vc_column_container vc_col-sm-12\"><div class=\"vc_column-inner vc_custom_1452056633692\"><div class=\"wpb_wrapper\"><div class=\"vc_custom_heading vc_custom_1559381175489 text_align_left title_no_stripe\" ><h4 style=\"font-size: 16px;color: #222222;text-align: left\" class=\"consulting-custom-title\">how can we help you?<\/h4><\/div>\n\t<div class=\"wpb_text_column wpb_content_element  wpb_animate_when_almost_visible wpb_fadeIn fadeIn vc_custom_1727650189142\" >\n\t\t<div class=\"wpb_wrapper\">\n\t\t\t<p><span style=\"font-size: 13px; line-height: 22px; color: #222222;\">Na kontaktoni n\u00eb zyr\u00ebn e Studio Kuri m\u00eb af\u00ebr jush ose b\u00ebni nj\u00eb k\u00ebrkes\u00eb biznesi online.<\/span><\/p>\n\n\t\t<\/div>\n\t<\/div>\n<div class=\"vc_btn3-container vc_btn3-inline\" ><button class=\"vc_general vc_btn3 vc_btn3-size-sm vc_btn3-shape-rounded vc_btn3-style-flat vc_btn3-icon-left vc_btn3-color-white\"><i class=\"vc_btn3-icon fa fa-phone-square\"><\/i> contacts<\/button><\/div><\/div><\/div><\/div><\/div>\n<\/div>    \n<\/div><\/div><\/div><\/div><\/div><div data-vc-full-width=\"true\" data-vc-full-width-init=\"false\" class=\"vc_row wpb_row vc_row-fluid third_bg_color vc_custom_1459505959648\"><div class=\"wpb_column vc_column_container vc_col-sm-12\"><div class=\"vc_column-inner\"><div class=\"wpb_wrapper\">\n<section class=\"vc_cta3-container\" >\n    <div class=\"vc_general vc_cta3 third_bg_color vc_cta3-style-flat vc_cta3-shape-square vc_cta3-align-left vc_cta3-color-classic vc_cta3-icon-size-md vc_cta3-actions-right vc_custom_1545390382571 style=\"\"\">\n                        <div class=\"vc_cta3_content-container\">\n                                    <div class=\"vc_cta3-content\">\n                <header class=\"vc_cta3-content-header\">\n                    <div class=\"vc_custom_heading\" ><h2 style=\"font-size: 20px;color: #000000;line-height: 24px\" class=\"consulting-custom-title\">Po k\u00ebrkoni nj\u00eb konsulent t\u00eb planit t\u00eb biznesit t\u00eb klasit t\u00eb par\u00eb?<\/h2><\/div>                                    <\/header>\n                            <\/div>\n                        <div class=\"vc_cta3-actions\"><div class=\"vc_btn3-container vc_btn3-right\" ><a class=\"vc_general vc_btn3 vc_btn3-size-lg vc_btn3-shape-rounded vc_btn3-style-flat vc_btn3-icon-right vc_btn3-color-theme_style_2\" href=\"#\" title=\"\">Kontakto <i class=\"vc_btn3-icon fa fa-chevron-right\"><\/i><\/a><\/div><\/div>        <\/div>\n                    <\/div>\n<\/section><\/div><\/div><\/div><\/div><div class=\"vc_row-full-width vc_clearfix\"><\/div>\n<\/div>","protected":false},"excerpt":{"rendered":"Programme Engineering Manager Consulting WordPress Theme is always looking for talented people to become its team members. We realize that productive people are always a good addition to our organization. So if you have the financial acumen and the passion to work with some of the biggest companies in the world, join in! Responsibilities Candidates","protected":false},"author":1,"featured_media":0,"parent":9,"menu_order":0,"comment_status":"closed","ping_status":"closed","template":"","meta":{"footnotes":""},"class_list":["post-408","page","type-page","status-publish","hentry"],"yoast_head":"<!-- This site is optimized with the Yoast SEO Premium plugin v21.5 (Yoast SEO v26.8) - https:\/\/yoast.com\/product\/yoast-seo-premium-wordpress\/ -->\n<title>Careers - Studio Kuri<\/title>\n<meta name=\"robots\" content=\"index, follow, max-snippet:-1, max-image-preview:large, max-video-preview:-1\" \/>\n<link rel=\"canonical\" href=\"https:\/\/studio-kuri.com\/sq\/company-overview\/careers\/\" \/>\n<meta property=\"og:locale\" content=\"sq_AL\" \/>\n<meta property=\"og:type\" content=\"article\" \/>\n<meta property=\"og:title\" content=\"Careers\" \/>\n<meta property=\"og:url\" content=\"https:\/\/studio-kuri.com\/sq\/company-overview\/careers\/\" \/>\n<meta property=\"og:site_name\" content=\"Studio Kuri\" \/>\n<meta property=\"og:image\" content=\"https:\/\/studio-kuri.com\/wp-content\/uploads\/2023\/11\/Poli-Logo_2-trans.png\" \/>\n\t<meta property=\"og:image:width\" content=\"894\" \/>\n\t<meta property=\"og:image:height\" content=\"269\" \/>\n\t<meta property=\"og:image:type\" content=\"image\/png\" \/>\n<meta name=\"twitter:card\" content=\"summary_large_image\" \/>\n<meta name=\"twitter:label1\" content=\"Est. reading time\" \/>\n\t<meta name=\"twitter:data1\" content=\"3 minuta\" \/>\n<script type=\"application\/ld+json\" class=\"yoast-schema-graph\">{\"@context\":\"https:\/\/schema.org\",\"@graph\":[{\"@type\":\"WebPage\",\"@id\":\"https:\/\/studio-kuri.com\/company-overview\/careers\/\",\"url\":\"https:\/\/studio-kuri.com\/company-overview\/careers\/\",\"name\":\"Careers - Studio Kuri\",\"isPartOf\":{\"@id\":\"https:\/\/studio-kuri.com\/#website\"},\"datePublished\":\"2016-01-07T09:31:53+00:00\",\"breadcrumb\":{\"@id\":\"https:\/\/studio-kuri.com\/company-overview\/careers\/#breadcrumb\"},\"inLanguage\":\"sq\",\"potentialAction\":[{\"@type\":\"ReadAction\",\"target\":[\"https:\/\/studio-kuri.com\/company-overview\/careers\/\"]}]},{\"@type\":\"BreadcrumbList\",\"@id\":\"https:\/\/studio-kuri.com\/company-overview\/careers\/#breadcrumb\",\"itemListElement\":[{\"@type\":\"ListItem\",\"position\":1,\"name\":\"Home\",\"item\":\"https:\/\/studio-kuri.com\/\"},{\"@type\":\"ListItem\",\"position\":2,\"name\":\"Company overview\",\"item\":\"https:\/\/studio-kuri.com\/company-overview\/\"},{\"@type\":\"ListItem\",\"position\":3,\"name\":\"Careers\"}]},{\"@type\":\"WebSite\",\"@id\":\"https:\/\/studio-kuri.com\/#website\",\"url\":\"https:\/\/studio-kuri.com\/\",\"name\":\"Studio Kuri\",\"description\":\"Studio Kuri Konsulence ekonomike dhe financiare\",\"publisher\":{\"@id\":\"https:\/\/studio-kuri.com\/#organization\"},\"potentialAction\":[{\"@type\":\"SearchAction\",\"target\":{\"@type\":\"EntryPoint\",\"urlTemplate\":\"https:\/\/studio-kuri.com\/?s={search_term_string}\"},\"query-input\":{\"@type\":\"PropertyValueSpecification\",\"valueRequired\":true,\"valueName\":\"search_term_string\"}}],\"inLanguage\":\"sq\"},{\"@type\":\"Organization\",\"@id\":\"https:\/\/studio-kuri.com\/#organization\",\"name\":\"Studio Kuri\",\"url\":\"https:\/\/studio-kuri.com\/\",\"logo\":{\"@type\":\"ImageObject\",\"inLanguage\":\"sq\",\"@id\":\"https:\/\/studio-kuri.com\/#\/schema\/logo\/image\/\",\"url\":\"https:\/\/studio-kuri.com\/wp-content\/uploads\/2023\/11\/Poli-Logo_2-trans.png\",\"contentUrl\":\"https:\/\/studio-kuri.com\/wp-content\/uploads\/2023\/11\/Poli-Logo_2-trans.png\",\"width\":894,\"height\":269,\"caption\":\"Studio Kuri\"},\"image\":{\"@id\":\"https:\/\/studio-kuri.com\/#\/schema\/logo\/image\/\"}}]}<\/script>\n<!-- \/ Yoast SEO Premium plugin. -->","yoast_head_json":{"title":"Careers - Studio Kuri","robots":{"index":"index","follow":"follow","max-snippet":"max-snippet:-1","max-image-preview":"max-image-preview:large","max-video-preview":"max-video-preview:-1"},"canonical":"https:\/\/studio-kuri.com\/sq\/company-overview\/careers\/","og_locale":"sq_AL","og_type":"article","og_title":"Careers","og_url":"https:\/\/studio-kuri.com\/sq\/company-overview\/careers\/","og_site_name":"Studio Kuri","og_image":[{"width":894,"height":269,"url":"https:\/\/studio-kuri.com\/wp-content\/uploads\/2023\/11\/Poli-Logo_2-trans.png","type":"image\/png"}],"twitter_card":"summary_large_image","twitter_misc":{"Est. reading time":"3 minuta"},"schema":{"@context":"https:\/\/schema.org","@graph":[{"@type":"WebPage","@id":"https:\/\/studio-kuri.com\/company-overview\/careers\/","url":"https:\/\/studio-kuri.com\/company-overview\/careers\/","name":"Careers - Studio Kuri","isPartOf":{"@id":"https:\/\/studio-kuri.com\/#website"},"datePublished":"2016-01-07T09:31:53+00:00","breadcrumb":{"@id":"https:\/\/studio-kuri.com\/company-overview\/careers\/#breadcrumb"},"inLanguage":"sq","potentialAction":[{"@type":"ReadAction","target":["https:\/\/studio-kuri.com\/company-overview\/careers\/"]}]},{"@type":"BreadcrumbList","@id":"https:\/\/studio-kuri.com\/company-overview\/careers\/#breadcrumb","itemListElement":[{"@type":"ListItem","position":1,"name":"Home","item":"https:\/\/studio-kuri.com\/"},{"@type":"ListItem","position":2,"name":"Company overview","item":"https:\/\/studio-kuri.com\/company-overview\/"},{"@type":"ListItem","position":3,"name":"Careers"}]},{"@type":"WebSite","@id":"https:\/\/studio-kuri.com\/#website","url":"https:\/\/studio-kuri.com\/","name":"Studio Kuri","description":"Studio Kuri Konsulence ekonomike dhe financiare","publisher":{"@id":"https:\/\/studio-kuri.com\/#organization"},"potentialAction":[{"@type":"SearchAction","target":{"@type":"EntryPoint","urlTemplate":"https:\/\/studio-kuri.com\/?s={search_term_string}"},"query-input":{"@type":"PropertyValueSpecification","valueRequired":true,"valueName":"search_term_string"}}],"inLanguage":"sq"},{"@type":"Organization","@id":"https:\/\/studio-kuri.com\/#organization","name":"Studio Kuri","url":"https:\/\/studio-kuri.com\/","logo":{"@type":"ImageObject","inLanguage":"sq","@id":"https:\/\/studio-kuri.com\/#\/schema\/logo\/image\/","url":"https:\/\/studio-kuri.com\/wp-content\/uploads\/2023\/11\/Poli-Logo_2-trans.png","contentUrl":"https:\/\/studio-kuri.com\/wp-content\/uploads\/2023\/11\/Poli-Logo_2-trans.png","width":894,"height":269,"caption":"Studio Kuri"},"image":{"@id":"https:\/\/studio-kuri.com\/#\/schema\/logo\/image\/"}}]}},"_links":{"self":[{"href":"https:\/\/studio-kuri.com\/sq\/wp-json\/wp\/v2\/pages\/408","targetHints":{"allow":["GET"]}}],"collection":[{"href":"https:\/\/studio-kuri.com\/sq\/wp-json\/wp\/v2\/pages"}],"about":[{"href":"https:\/\/studio-kuri.com\/sq\/wp-json\/wp\/v2\/types\/page"}],"author":[{"embeddable":true,"href":"https:\/\/studio-kuri.com\/sq\/wp-json\/wp\/v2\/users\/1"}],"replies":[{"embeddable":true,"href":"https:\/\/studio-kuri.com\/sq\/wp-json\/wp\/v2\/comments?post=408"}],"version-history":[{"count":0,"href":"https:\/\/studio-kuri.com\/sq\/wp-json\/wp\/v2\/pages\/408\/revisions"}],"up":[{"embeddable":true,"href":"https:\/\/studio-kuri.com\/sq\/wp-json\/wp\/v2\/pages\/9"}],"wp:attachment":[{"href":"https:\/\/studio-kuri.com\/sq\/wp-json\/wp\/v2\/media?parent=408"}],"curies":[{"name":"wp","href":"https:\/\/api.w.org\/{rel}","templated":true}]}}