{"id":344,"date":"2016-01-06T11:31:27","date_gmt":"2016-01-06T11:31:27","guid":{"rendered":"http:\/\/consulting.stylemixthemes.com\/demo\/?page_id=344"},"modified":"2016-01-06T11:31:27","modified_gmt":"2016-01-06T11:31:27","slug":"our-approach","status":"publish","type":"page","link":"https:\/\/studio-kuri.com\/sq\/company-overview\/our-approach\/","title":{"rendered":"Our approach"},"content":{"rendered":"<div class=\"wpb-content-wrapper\"><div class=\"vc_row wpb_row vc_row-fluid vc_custom_1459506276575\"><div class=\"wpb_column vc_column_container vc_col-sm-12 vc_col-lg-9 vc_col-md-9\"><div class=\"vc_column-inner\"><div class=\"wpb_wrapper\">\n\t\t\t<!-- START About Us Slider REVOLUTION SLIDER 6.6.18 --><p class=\"rs-p-wp-fix\"><\/p>\n\t\t\t<rs-module-wrap id=\"rev_slider_14_1_wrapper\" data-source=\"gallery\" style=\"visibility:hidden;background:transparent;padding:0;margin:0px auto;margin-top:0;margin-bottom:0;\">\n\t\t\t\t<rs-module id=\"rev_slider_14_1\" style=\"\" data-version=\"6.6.18\">\n\t\t\t\t\t<rs-slides style=\"overflow: hidden; position: absolute;\">\n\t\t\t\t\t\t<rs-slide style=\"position: absolute;\" data-key=\"rs-31\" data-title=\"Slide\" data-anim=\"r:0;\" data-in=\"x:(100%);\" class=\"third_bg_color\">\n\t\t\t\t\t\t\t<img decoding=\"async\" src=\"\/\/studio-kuri.com\/wp-content\/plugins\/revslider\/public\/assets\/assets\/dummy.png\" alt=\"Slide\" title=\"Our approach\" class=\"rev-slidebg tp-rs-img rs-lazyload\" data-lazyload=\"\/\/studio-kuri.com\/wp-content\/plugins\/revslider\/public\/assets\/assets\/transparent.png\" data-no-retina>\n<!--\n\t\t\t\t\t\t\t--><rs-layer\n\t\t\t\t\t\t\t\tid=\"slider-14-slide-31-layer-2\" \n\t\t\t\t\t\t\t\tdata-type=\"text\"\n\t\t\t\t\t\t\t\tdata-color=\"rgba(255,255,255,1)\"\n\t\t\t\t\t\t\t\tdata-rsp_ch=\"on\"\n\t\t\t\t\t\t\t\tdata-xy=\"x:67px;y:80px;\"\n\t\t\t\t\t\t\t\tdata-text=\"l:22;\"\n\t\t\t\t\t\t\t\tdata-frame_0=\"tp:600;\"\n\t\t\t\t\t\t\t\tdata-frame_1=\"tp:600;e:power2.inOut;st:500;sR:500;\"\n\t\t\t\t\t\t\t\tdata-frame_999=\"o:0;tp:600;e:nothing;st:w;sR:8200;\"\n\t\t\t\t\t\t\t\tstyle=\"z-index:5;font-family:'Roboto';\"\n\t\t\t\t\t\t\t><div class=\"consulting-rev-title-3\">\nWorkshops<br\/>\nthat awesome!\n<\/div> \n\t\t\t\t\t\t\t<\/rs-layer><!--\n\n\t\t\t\t\t\t\t--><rs-layer\n\t\t\t\t\t\t\t\tid=\"slider-14-slide-31-layer-3\" \n\t\t\t\t\t\t\t\tdata-type=\"text\"\n\t\t\t\t\t\t\t\tdata-color=\"rgba(255,255,255,1)\"\n\t\t\t\t\t\t\t\tdata-rsp_ch=\"on\"\n\t\t\t\t\t\t\t\tdata-xy=\"x:67px;y:194px;\"\n\t\t\t\t\t\t\t\tdata-text=\"l:22;\"\n\t\t\t\t\t\t\t\tdata-frame_0=\"tp:600;\"\n\t\t\t\t\t\t\t\tdata-frame_1=\"tp:600;e:power2.inOut;st:500;sR:500;\"\n\t\t\t\t\t\t\t\tdata-frame_999=\"o:0;tp:600;e:nothing;st:w;sR:8200;\"\n\t\t\t\t\t\t\t\tstyle=\"z-index:6;font-family:'Roboto';\"\n\t\t\t\t\t\t\t><div class=\"consulting-rev-text-2\">\nWe are a company that offers design and build services for<br\/> you from initial sketches to the final construction.\n<\/div> \n\t\t\t\t\t\t\t<\/rs-layer><!--\n\n\t\t\t\t\t\t\t--><rs-layer\n\t\t\t\t\t\t\t\tid=\"slider-14-slide-31-layer-4\" \n\t\t\t\t\t\t\t\tdata-type=\"text\"\n\t\t\t\t\t\t\t\tdata-color=\"rgba(255,255,255,1)\"\n\t\t\t\t\t\t\t\tdata-rsp_ch=\"on\"\n\t\t\t\t\t\t\t\tdata-xy=\"x:67px;y:272px;\"\n\t\t\t\t\t\t\t\tdata-text=\"l:22;\"\n\t\t\t\t\t\t\t\tdata-frame_0=\"tp:600;\"\n\t\t\t\t\t\t\t\tdata-frame_1=\"tp:600;e:power2.inOut;st:500;sR:500;\"\n\t\t\t\t\t\t\t\tdata-frame_999=\"o:0;tp:600;e:nothing;st:w;sR:8200;\"\n\t\t\t\t\t\t\t\tstyle=\"z-index:7;font-family:'Roboto';\"\n\t\t\t\t\t\t\t><a href=\"#\" class=\"button icon_right bordered theme_style_2\">Kontakto <i class=\"fa fa-chevron-right\"><\/i><\/a> \n\t\t\t\t\t\t\t<\/rs-layer><!--\n\n\t\t\t\t\t\t\t--><rs-layer\n\t\t\t\t\t\t\t\tid=\"slider-14-slide-31-layer-5\" \n\t\t\t\t\t\t\t\tdata-type=\"image\"\n\t\t\t\t\t\t\t\tdata-rsp_ch=\"on\"\n\t\t\t\t\t\t\t\tdata-xy=\"x:r;y:74px;\"\n\t\t\t\t\t\t\t\tdata-text=\"l:22;\"\n\t\t\t\t\t\t\t\tdata-dim=\"w:383px;h:303px;\"\n\t\t\t\t\t\t\t\tdata-frame_0=\"tp:600;\"\n\t\t\t\t\t\t\t\tdata-frame_1=\"tp:600;e:power2.inOut;st:500;sR:500;\"\n\t\t\t\t\t\t\t\tdata-frame_999=\"o:0;tp:600;e:nothing;st:w;sR:8200;\"\n\t\t\t\t\t\t\t\tstyle=\"z-index:8;\"\n\t\t\t\t\t\t\t><img decoding=\"async\" src=\"\/\/studio-kuri.com\/wp-content\/plugins\/revslider\/public\/assets\/assets\/dummy.png\" alt=\"\" class=\"tp-rs-img rs-lazyload\" width=\"383\" height=\"303\" data-lazyload=\"\/\/studio-kuri.com\/wp-content\/uploads\/revslider\/about_us_slider\/macbook.png\" data-no-retina> \n\t\t\t\t\t\t\t<\/rs-layer><!--\n-->\t\t\t\t\t\t<\/rs-slide>\n\t\t\t\t\t\t<rs-slide style=\"position: absolute;\" data-key=\"rs-32\" data-title=\"Slide\" data-in=\"x:(100%);\">\n\t\t\t\t\t\t\t<img decoding=\"async\" src=\"\/\/studio-kuri.com\/wp-content\/plugins\/revslider\/public\/assets\/assets\/dummy.png\" alt=\"Slide\" title=\"Our approach\" class=\"rev-slidebg tp-rs-img rs-lazyload\" data-lazyload=\"\/\/studio-kuri.com\/wp-content\/plugins\/revslider\/public\/assets\/assets\/transparent.png\" data-bg=\"c:#fde428;\" data-no-retina>\n<!--\n\t\t\t\t\t\t\t--><rs-layer\n\t\t\t\t\t\t\t\tid=\"slider-14-slide-32-layer-6\" \n\t\t\t\t\t\t\t\tdata-type=\"image\"\n\t\t\t\t\t\t\t\tdata-rsp_ch=\"on\"\n\t\t\t\t\t\t\t\tdata-xy=\"x:r;\"\n\t\t\t\t\t\t\t\tdata-text=\"l:22;\"\n\t\t\t\t\t\t\t\tdata-dim=\"w:834px;h:421px;\"\n\t\t\t\t\t\t\t\tdata-frame_0=\"tp:600;\"\n\t\t\t\t\t\t\t\tdata-frame_1=\"tp:600;e:power2.inOut;st:500;sR:500;\"\n\t\t\t\t\t\t\t\tdata-frame_999=\"o:0;tp:600;e:nothing;st:w;sR:8200;\"\n\t\t\t\t\t\t\t\tstyle=\"z-index:5;\"\n\t\t\t\t\t\t\t><img decoding=\"async\" src=\"\/\/studio-kuri.com\/wp-content\/plugins\/revslider\/public\/assets\/assets\/dummy.png\" alt=\"\" class=\"tp-rs-img rs-lazyload\" width=\"834\" height=\"421\" data-lazyload=\"\/\/studio-kuri.com\/wp-content\/uploads\/revslider\/about_us_slider\/about.jpg\" data-no-retina> \n\t\t\t\t\t\t\t<\/rs-layer><!--\n\n\t\t\t\t\t\t\t--><rs-layer\n\t\t\t\t\t\t\t\tid=\"slider-14-slide-32-layer-2\" \n\t\t\t\t\t\t\t\tdata-type=\"text\"\n\t\t\t\t\t\t\t\tdata-color=\"rgba(34, 34, 34, 1)\"\n\t\t\t\t\t\t\t\tdata-rsp_ch=\"on\"\n\t\t\t\t\t\t\t\tdata-xy=\"x:67px;y:80px;\"\n\t\t\t\t\t\t\t\tdata-text=\"l:22;\"\n\t\t\t\t\t\t\t\tdata-frame_0=\"tp:600;\"\n\t\t\t\t\t\t\t\tdata-frame_1=\"tp:600;e:power2.inOut;st:500;sR:500;\"\n\t\t\t\t\t\t\t\tdata-frame_999=\"o:0;tp:600;e:nothing;st:w;sR:8200;\"\n\t\t\t\t\t\t\t\tstyle=\"z-index:6;font-family:'';\"\n\t\t\t\t\t\t\t><div class=\"consulting-rev-title-3\">\nMeet our<br\/>\nbrilliant minds!\n<\/div> \n\t\t\t\t\t\t\t<\/rs-layer><!--\n\n\t\t\t\t\t\t\t--><rs-layer\n\t\t\t\t\t\t\t\tid=\"slider-14-slide-32-layer-3\" \n\t\t\t\t\t\t\t\tdata-type=\"text\"\n\t\t\t\t\t\t\t\tdata-color=\"rgba(34, 34, 34, 1)\"\n\t\t\t\t\t\t\t\tdata-rsp_ch=\"on\"\n\t\t\t\t\t\t\t\tdata-xy=\"x:67px;y:194px;\"\n\t\t\t\t\t\t\t\tdata-text=\"l:22;\"\n\t\t\t\t\t\t\t\tdata-frame_0=\"tp:600;\"\n\t\t\t\t\t\t\t\tdata-frame_1=\"tp:600;e:power2.inOut;st:500;sR:500;\"\n\t\t\t\t\t\t\t\tdata-frame_999=\"o:0;tp:600;e:nothing;st:w;sR:8200;\"\n\t\t\t\t\t\t\t\tstyle=\"z-index:7;font-family:'';\"\n\t\t\t\t\t\t\t><div class=\"consulting-rev-text-2\">\nOur personnel have evaluated liability, causation and\/or<br\/> damages issues in hundreds of litigation and dispute matters.\n<\/div> \n\t\t\t\t\t\t\t<\/rs-layer><!--\n\n\t\t\t\t\t\t\t--><rs-layer\n\t\t\t\t\t\t\t\tid=\"slider-14-slide-32-layer-4\" \n\t\t\t\t\t\t\t\tdata-type=\"text\"\n\t\t\t\t\t\t\t\tdata-color=\"rgba(255, 255, 255, 1)\"\n\t\t\t\t\t\t\t\tdata-rsp_ch=\"on\"\n\t\t\t\t\t\t\t\tdata-xy=\"x:67px;y:272px;\"\n\t\t\t\t\t\t\t\tdata-text=\"l:22;\"\n\t\t\t\t\t\t\t\tdata-frame_0=\"tp:600;\"\n\t\t\t\t\t\t\t\tdata-frame_1=\"tp:600;e:power2.inOut;st:500;sR:500;\"\n\t\t\t\t\t\t\t\tdata-frame_999=\"o:0;tp:600;e:nothing;st:8900;sR:8100;\"\n\t\t\t\t\t\t\t\tstyle=\"z-index:8;font-family:'';\"\n\t\t\t\t\t\t\t><a href=\"#\" class=\"button icon_right bordered theme_style_2\">learn more <i class=\"fa fa-chevron-right\"><\/i><\/a> \n\t\t\t\t\t\t\t<\/rs-layer><!--\n-->\t\t\t\t\t\t<\/rs-slide>\n\t\t\t\t\t<\/rs-slides>\n\t\t\t\t<\/rs-module>\n\t\t\t\t<script>\n\t\t\t\t\tsetREVStartSize({c: 'rev_slider_14_1',rl:[1240,1024,778,480],el:[407],gw:[825],gh:[407],type:'carousel',justify:'',layout:'fullwidth',mh:\"0\"});if (window.RS_MODULES!==undefined && window.RS_MODULES.modules!==undefined && window.RS_MODULES.modules[\"revslider141\"]!==undefined) {window.RS_MODULES.modules[\"revslider141\"].once = false;window.revapi14 = undefined;if (window.RS_MODULES.checkMinimal!==undefined) window.RS_MODULES.checkMinimal()}\n\t\t\t\t<\/script>\n\t\t\t<\/rs-module-wrap>\n\t\t\t<!-- END REVOLUTION SLIDER -->\n\n\t<div class=\"wpb_text_column wpb_content_element  vc_custom_1549462784180\" >\n\t\t<div class=\"wpb_wrapper\">\n\t\t\t<h2>Our approach<\/h2>\n<p>Consulting WP approaches every client\u2019s business as if it were our own. We believe a consulting firm should be more than an advisor. We put ourselves in our clients\u2019 shoes, align our incentives with their objectives, and collaborate to unlock the full potential of their business. This builds deep and enjoyable relationships.<\/p>\n<p>The right approach is necessary for the right outcome. Consulting WP approaches work by applying its external knowledge to your organization\u2019s internal way of doing work. We know that in order to maximize the potential of success for your company we need to shape our expert advice in a way that applies to your way of doing business. This allows us to create rich relationships with our clients.<\/p>\n\n\t\t<\/div>\n\t<\/div>\n<div class=\"vc_row wpb_row vc_inner vc_row-fluid vc_custom_1455886051719\"><div class=\"wpb_column vc_column_container vc_col-sm-6\"><div class=\"vc_column-inner\"><div class=\"wpb_wrapper\">\n\n\n            <div onclick=\"return true\" class=\"icon_box  hexagon hexanog_animation style_1 icon_left clearfix\">\n                <div class=\"icon  font-color_default font-color_base_bg\" style=\"width:78px\">\n            <i style=\"font-size: 15px;  \"\n               class=\"stm-airplane\"><\/i><\/div>\n        <div class=\"icon_text\">\n                    <h5  class=\"font-color_base no_stripe\">Udh\u00ebtimi dhe Aviacioni<br \/>\n..<\/h5>\n                <p>Armed with statistical knowledge, technical expertise, and fact based prediction, we allow your business to truly soar. <\/p>\n    <\/div>\n            <\/div>\n    \n<\/div><\/div><\/div><div class=\"wpb_column vc_column_container vc_col-sm-6\"><div class=\"vc_column-inner\"><div class=\"wpb_wrapper\">\n\n\n            <div onclick=\"return true\" class=\"icon_box  hexagon hexanog_animation style_1 icon_left clearfix\">\n                <div class=\"icon  font-color_default font-color_base_bg\" style=\"width:78px\">\n            <i style=\"font-size: 22px;  \"\n               class=\"stm-graph\"><\/i><\/div>\n        <div class=\"icon_text\">\n                    <h5  class=\"font-color_base no_stripe\">Sh\u00ebrbimet e Biznesit<br \/>\n..<\/h5>\n                <p>We help you shape and position your business services in a way that enhances the output of your clients.<\/p>\n    <\/div>\n            <\/div>\n    \n<\/div><\/div><\/div><\/div><div class=\"vc_row wpb_row vc_inner vc_row-fluid vc_custom_1455886085190\"><div class=\"wpb_column vc_column_container vc_col-sm-6\"><div class=\"vc_column-inner\"><div class=\"wpb_wrapper\">\n\n\n            <div onclick=\"return true\" class=\"icon_box  hexagon hexanog_animation style_1 icon_left clearfix\">\n                <div class=\"icon  font-color_default font-color_base_bg\" style=\"width:78px\">\n            <i style=\"font-size: 21px;  \"\n               class=\"stm-cart\"><\/i><\/div>\n        <div class=\"icon_text\">\n                    <h5  class=\"font-color_base no_stripe\">Produktet e Konsumit<br \/>\n..<\/h5>\n                <p>We help companies dealing in consumer products create and present products that perfectly blend in with the zeitgeist.<\/p>\n    <\/div>\n            <\/div>\n    \n<\/div><\/div><\/div><div class=\"wpb_column vc_column_container vc_col-sm-6\"><div class=\"vc_column-inner\"><div class=\"wpb_wrapper\">\n\n\n            <div onclick=\"return true\" class=\"icon_box  hexagon hexanog_animation style_1 icon_left clearfix\">\n                <div class=\"icon  font-color_default font-color_base_bg\" style=\"width:78px\">\n            <i style=\"font-size: 23px;  \"\n               class=\"stm-home\"><\/i><\/div>\n        <div class=\"icon_text\">\n                    <h5  class=\"font-color_base no_stripe\">Sherbime Financiare<br \/>\n..<\/h5>\n                <p>Our financial experts help you analyze financial data, to create a rock steady financial foundation.<\/p>\n    <\/div>\n            <\/div>\n    \n<\/div><\/div><\/div><\/div><div class=\"vc_row wpb_row vc_inner vc_row-fluid\"><div class=\"wpb_column vc_column_container vc_col-sm-6\"><div class=\"vc_column-inner\"><div class=\"wpb_wrapper\">\n\n\n            <div onclick=\"return true\" class=\"icon_box  hexagon hexanog_animation style_1 icon_left clearfix\">\n                <div class=\"icon  font-color_default font-color_base_bg\" style=\"width:78px\">\n            <i style=\"font-size: 27px;  \"\n               class=\"stm-lamp\"><\/i><\/div>\n        <div class=\"icon_text\">\n                    <h5  class=\"font-color_base no_stripe\">Energy and Environment<br \/>\n..<\/h5>\n                <p>We work with energy companies to increase their efficiency and eliminate any environmentally harmful practices.<\/p>\n    <\/div>\n            <\/div>\n    \n<\/div><\/div><\/div><div class=\"wpb_column vc_column_container vc_col-sm-6\"><div class=\"vc_column-inner\"><div class=\"wpb_wrapper\">\n\n\n            <div onclick=\"return true\" class=\"icon_box  hexagon hexanog_animation style_1 icon_left clearfix\">\n                <div class=\"icon  font-color_default font-color_base_bg\" style=\"width:78px\">\n            <i style=\"font-size: 19px;  \"\n               class=\"stm-truck\"><\/i><\/div>\n        <div class=\"icon_text\">\n                    <h5  class=\"font-color_base no_stripe\">TAX Services<br \/>\n..<\/h5>\n                <p>Ne jemi nj\u00eb kompani q\u00eb ofrojm\u00eb sh\u00ebrbime projektimi dhe nd\u00ebrtimi p\u00ebr ju nga skicat fillestare deri n\u00eb nd\u00ebrtimin p\u00ebrfundimtar.<\/p>\n    <\/div>\n            <\/div>\n    \n<\/div><\/div><\/div><\/div><\/div><\/div><\/div><div class=\"wpb_column vc_column_container vc_col-sm-3 vc_hidden-sm vc_hidden-xs\"><div class=\"vc_column-inner\"><div class=\"wpb_wrapper\">\n<div class=\"stm_sidebar\">\n\n            <style type=\"text\/css\" scoped>\n            .vc_custom_1451998133493{margin-bottom: 30px !important;}.vc_custom_1452056597103{margin-right: 0px !important;margin-bottom: 30px !important;margin-left: 0px !important;}.vc_custom_1452056633692{padding-top: 37px !important;padding-right: 30px !important;padding-bottom: 40px !important;padding-left: 30px !important;}.vc_custom_1559381175489{margin-bottom: 9px !important;}.vc_custom_1727650189142{margin-bottom: 17px !important;}        <\/style>\n        <div class=\"wpb-content-wrapper\"><div class=\"vc_row wpb_row vc_row-fluid vc_custom_1451998133493\"><div class=\"wpb_column vc_column_container vc_col-sm-12\"><div class=\"vc_column-inner\"><div class=\"wpb_wrapper\"><div class=\"vc_wp_custommenu wpb_content_element mb-30\"><\/div><div class=\"vc_btn3-container vc_btn3-left\" ><button class=\"vc_general vc_btn3 vc_btn3-size-lg vc_btn3-shape-rounded vc_btn3-style-flat vc_btn3-block vc_btn3-icon-left vc_btn3-color-theme_style_1\"><i class=\"vc_btn3-icon fa fa-file-pdf-o\"><\/i> Company presentation<\/button><\/div><\/div><\/div><\/div><\/div><div class=\"vc_row wpb_row vc_row-fluid third_bg_color vc_custom_1452056597103\"><div class=\"wpb_column vc_column_container vc_col-sm-12\"><div class=\"vc_column-inner vc_custom_1452056633692\"><div class=\"wpb_wrapper\"><div class=\"vc_custom_heading vc_custom_1559381175489 text_align_left title_no_stripe\" ><h4 style=\"font-size: 16px;color: #222222;text-align: left\" class=\"consulting-custom-title\">how can we help you?<\/h4><\/div>\n\t<div class=\"wpb_text_column wpb_content_element  wpb_animate_when_almost_visible wpb_fadeIn fadeIn vc_custom_1727650189142\" >\n\t\t<div class=\"wpb_wrapper\">\n\t\t\t<p><span style=\"font-size: 13px; line-height: 22px; color: #222222;\">Na kontaktoni n\u00eb zyr\u00ebn e Studio Kuri m\u00eb af\u00ebr jush ose b\u00ebni nj\u00eb k\u00ebrkes\u00eb biznesi online.<\/span><\/p>\n\n\t\t<\/div>\n\t<\/div>\n<div class=\"vc_btn3-container vc_btn3-inline\" ><button class=\"vc_general vc_btn3 vc_btn3-size-sm vc_btn3-shape-rounded vc_btn3-style-flat vc_btn3-icon-left vc_btn3-color-white\"><i class=\"vc_btn3-icon fa fa-phone-square\"><\/i> contacts<\/button><\/div><\/div><\/div><\/div><\/div>\n<\/div>    \n<\/div><\/div><\/div><\/div><\/div><div data-vc-full-width=\"true\" data-vc-full-width-init=\"false\" class=\"vc_row wpb_row vc_row-fluid third_bg_color vc_custom_1459505959648\"><div class=\"wpb_column vc_column_container vc_col-sm-12\"><div class=\"vc_column-inner\"><div class=\"wpb_wrapper\">\n<section class=\"vc_cta3-container\" >\n    <div class=\"vc_general vc_cta3 third_bg_color vc_cta3-style-flat vc_cta3-shape-square vc_cta3-align-left vc_cta3-color-classic vc_cta3-icon-size-md vc_cta3-actions-right vc_custom_1545390404206 style=\"\"\">\n                        <div class=\"vc_cta3_content-container\">\n                                    <div class=\"vc_cta3-content\">\n                <header class=\"vc_cta3-content-header\">\n                    <div class=\"vc_custom_heading\" ><h2 style=\"font-size: 20px;color: #000000;line-height: 24px\" class=\"consulting-custom-title\">Po k\u00ebrkoni nj\u00eb konsulent t\u00eb planit t\u00eb biznesit t\u00eb klasit t\u00eb par\u00eb?<\/h2><\/div>                                    <\/header>\n                            <\/div>\n                        <div class=\"vc_cta3-actions\"><div class=\"vc_btn3-container vc_btn3-right\" ><a class=\"vc_general vc_btn3 vc_btn3-size-lg vc_btn3-shape-rounded vc_btn3-style-flat vc_btn3-icon-right vc_btn3-color-theme_style_2\" href=\"#\" title=\"\">Kontakto <i class=\"vc_btn3-icon fa fa-chevron-right\"><\/i><\/a><\/div><\/div>        <\/div>\n                    <\/div>\n<\/section><\/div><\/div><\/div><\/div><div class=\"vc_row-full-width vc_clearfix\"><\/div>\n<\/div>","protected":false},"excerpt":{"rendered":"Workshops that awesome! We are a company that offers design and build services for you from initial sketches to the final construction. get a quote Meet our brilliant minds! Our personnel have evaluated liability, causation and\/or damages issues in hundreds of litigation and dispute matters. learn more Our approach Consulting WP approaches every client\u2019s business","protected":false},"author":1,"featured_media":0,"parent":9,"menu_order":0,"comment_status":"closed","ping_status":"closed","template":"","meta":{"footnotes":""},"class_list":["post-344","page","type-page","status-publish","hentry"],"yoast_head":"<!-- This site is optimized with the Yoast SEO Premium plugin v21.5 (Yoast SEO v26.8) - https:\/\/yoast.com\/product\/yoast-seo-premium-wordpress\/ -->\n<title>Our approach - Studio Kuri<\/title>\n<meta name=\"robots\" content=\"index, follow, max-snippet:-1, max-image-preview:large, max-video-preview:-1\" \/>\n<link rel=\"canonical\" href=\"https:\/\/studio-kuri.com\/sq\/company-overview\/our-approach\/\" \/>\n<meta property=\"og:locale\" content=\"sq_AL\" \/>\n<meta property=\"og:type\" content=\"article\" \/>\n<meta property=\"og:title\" content=\"Our approach\" \/>\n<meta property=\"og:url\" content=\"https:\/\/studio-kuri.com\/sq\/company-overview\/our-approach\/\" \/>\n<meta property=\"og:site_name\" content=\"Studio Kuri\" \/>\n<meta property=\"og:image\" content=\"https:\/\/studio-kuri.com\/wp-content\/uploads\/2023\/11\/Poli-Logo_2-trans.png\" \/>\n\t<meta property=\"og:image:width\" content=\"894\" \/>\n\t<meta property=\"og:image:height\" content=\"269\" \/>\n\t<meta property=\"og:image:type\" content=\"image\/png\" \/>\n<meta name=\"twitter:card\" content=\"summary_large_image\" \/>\n<meta name=\"twitter:label1\" content=\"Est. reading time\" \/>\n\t<meta name=\"twitter:data1\" content=\"3 minuta\" \/>\n<script type=\"application\/ld+json\" class=\"yoast-schema-graph\">{\"@context\":\"https:\/\/schema.org\",\"@graph\":[{\"@type\":\"WebPage\",\"@id\":\"https:\/\/studio-kuri.com\/company-overview\/our-approach\/\",\"url\":\"https:\/\/studio-kuri.com\/company-overview\/our-approach\/\",\"name\":\"Our approach - Studio Kuri\",\"isPartOf\":{\"@id\":\"https:\/\/studio-kuri.com\/#website\"},\"datePublished\":\"2016-01-06T11:31:27+00:00\",\"breadcrumb\":{\"@id\":\"https:\/\/studio-kuri.com\/company-overview\/our-approach\/#breadcrumb\"},\"inLanguage\":\"sq\",\"potentialAction\":[{\"@type\":\"ReadAction\",\"target\":[\"https:\/\/studio-kuri.com\/company-overview\/our-approach\/\"]}]},{\"@type\":\"BreadcrumbList\",\"@id\":\"https:\/\/studio-kuri.com\/company-overview\/our-approach\/#breadcrumb\",\"itemListElement\":[{\"@type\":\"ListItem\",\"position\":1,\"name\":\"Home\",\"item\":\"https:\/\/studio-kuri.com\/\"},{\"@type\":\"ListItem\",\"position\":2,\"name\":\"Company overview\",\"item\":\"https:\/\/studio-kuri.com\/company-overview\/\"},{\"@type\":\"ListItem\",\"position\":3,\"name\":\"Our approach\"}]},{\"@type\":\"WebSite\",\"@id\":\"https:\/\/studio-kuri.com\/#website\",\"url\":\"https:\/\/studio-kuri.com\/\",\"name\":\"Studio Kuri\",\"description\":\"Studio Kuri Konsulence ekonomike dhe financiare\",\"publisher\":{\"@id\":\"https:\/\/studio-kuri.com\/#organization\"},\"potentialAction\":[{\"@type\":\"SearchAction\",\"target\":{\"@type\":\"EntryPoint\",\"urlTemplate\":\"https:\/\/studio-kuri.com\/?s={search_term_string}\"},\"query-input\":{\"@type\":\"PropertyValueSpecification\",\"valueRequired\":true,\"valueName\":\"search_term_string\"}}],\"inLanguage\":\"sq\"},{\"@type\":\"Organization\",\"@id\":\"https:\/\/studio-kuri.com\/#organization\",\"name\":\"Studio Kuri\",\"url\":\"https:\/\/studio-kuri.com\/\",\"logo\":{\"@type\":\"ImageObject\",\"inLanguage\":\"sq\",\"@id\":\"https:\/\/studio-kuri.com\/#\/schema\/logo\/image\/\",\"url\":\"https:\/\/studio-kuri.com\/wp-content\/uploads\/2023\/11\/Poli-Logo_2-trans.png\",\"contentUrl\":\"https:\/\/studio-kuri.com\/wp-content\/uploads\/2023\/11\/Poli-Logo_2-trans.png\",\"width\":894,\"height\":269,\"caption\":\"Studio Kuri\"},\"image\":{\"@id\":\"https:\/\/studio-kuri.com\/#\/schema\/logo\/image\/\"}}]}<\/script>\n<!-- \/ Yoast SEO Premium plugin. -->","yoast_head_json":{"title":"Our approach - Studio Kuri","robots":{"index":"index","follow":"follow","max-snippet":"max-snippet:-1","max-image-preview":"max-image-preview:large","max-video-preview":"max-video-preview:-1"},"canonical":"https:\/\/studio-kuri.com\/sq\/company-overview\/our-approach\/","og_locale":"sq_AL","og_type":"article","og_title":"Our approach","og_url":"https:\/\/studio-kuri.com\/sq\/company-overview\/our-approach\/","og_site_name":"Studio Kuri","og_image":[{"width":894,"height":269,"url":"https:\/\/studio-kuri.com\/wp-content\/uploads\/2023\/11\/Poli-Logo_2-trans.png","type":"image\/png"}],"twitter_card":"summary_large_image","twitter_misc":{"Est. reading time":"3 minuta"},"schema":{"@context":"https:\/\/schema.org","@graph":[{"@type":"WebPage","@id":"https:\/\/studio-kuri.com\/company-overview\/our-approach\/","url":"https:\/\/studio-kuri.com\/company-overview\/our-approach\/","name":"Our approach - Studio Kuri","isPartOf":{"@id":"https:\/\/studio-kuri.com\/#website"},"datePublished":"2016-01-06T11:31:27+00:00","breadcrumb":{"@id":"https:\/\/studio-kuri.com\/company-overview\/our-approach\/#breadcrumb"},"inLanguage":"sq","potentialAction":[{"@type":"ReadAction","target":["https:\/\/studio-kuri.com\/company-overview\/our-approach\/"]}]},{"@type":"BreadcrumbList","@id":"https:\/\/studio-kuri.com\/company-overview\/our-approach\/#breadcrumb","itemListElement":[{"@type":"ListItem","position":1,"name":"Home","item":"https:\/\/studio-kuri.com\/"},{"@type":"ListItem","position":2,"name":"Company overview","item":"https:\/\/studio-kuri.com\/company-overview\/"},{"@type":"ListItem","position":3,"name":"Our approach"}]},{"@type":"WebSite","@id":"https:\/\/studio-kuri.com\/#website","url":"https:\/\/studio-kuri.com\/","name":"Studio Kuri","description":"Studio Kuri Konsulence ekonomike dhe financiare","publisher":{"@id":"https:\/\/studio-kuri.com\/#organization"},"potentialAction":[{"@type":"SearchAction","target":{"@type":"EntryPoint","urlTemplate":"https:\/\/studio-kuri.com\/?s={search_term_string}"},"query-input":{"@type":"PropertyValueSpecification","valueRequired":true,"valueName":"search_term_string"}}],"inLanguage":"sq"},{"@type":"Organization","@id":"https:\/\/studio-kuri.com\/#organization","name":"Studio Kuri","url":"https:\/\/studio-kuri.com\/","logo":{"@type":"ImageObject","inLanguage":"sq","@id":"https:\/\/studio-kuri.com\/#\/schema\/logo\/image\/","url":"https:\/\/studio-kuri.com\/wp-content\/uploads\/2023\/11\/Poli-Logo_2-trans.png","contentUrl":"https:\/\/studio-kuri.com\/wp-content\/uploads\/2023\/11\/Poli-Logo_2-trans.png","width":894,"height":269,"caption":"Studio Kuri"},"image":{"@id":"https:\/\/studio-kuri.com\/#\/schema\/logo\/image\/"}}]}},"_links":{"self":[{"href":"https:\/\/studio-kuri.com\/sq\/wp-json\/wp\/v2\/pages\/344","targetHints":{"allow":["GET"]}}],"collection":[{"href":"https:\/\/studio-kuri.com\/sq\/wp-json\/wp\/v2\/pages"}],"about":[{"href":"https:\/\/studio-kuri.com\/sq\/wp-json\/wp\/v2\/types\/page"}],"author":[{"embeddable":true,"href":"https:\/\/studio-kuri.com\/sq\/wp-json\/wp\/v2\/users\/1"}],"replies":[{"embeddable":true,"href":"https:\/\/studio-kuri.com\/sq\/wp-json\/wp\/v2\/comments?post=344"}],"version-history":[{"count":0,"href":"https:\/\/studio-kuri.com\/sq\/wp-json\/wp\/v2\/pages\/344\/revisions"}],"up":[{"embeddable":true,"href":"https:\/\/studio-kuri.com\/sq\/wp-json\/wp\/v2\/pages\/9"}],"wp:attachment":[{"href":"https:\/\/studio-kuri.com\/sq\/wp-json\/wp\/v2\/media?parent=344"}],"curies":[{"name":"wp","href":"https:\/\/api.w.org\/{rel}","templated":true}]}}