{"id":324,"date":"2016-01-06T09:37:51","date_gmt":"2016-01-06T09:37:51","guid":{"rendered":"http:\/\/consulting.stylemixthemes.com\/demo\/?page_id=324"},"modified":"2016-01-06T09:37:51","modified_gmt":"2016-01-06T09:37:51","slug":"testimonials-page","status":"publish","type":"page","link":"https:\/\/studio-kuri.com\/sq\/testimonials-page\/","title":{"rendered":"Testimonials 1"},"content":{"rendered":"<div class=\"wpb-content-wrapper\"><div class=\"vc_row wpb_row vc_row-fluid vc_custom_1459507825184\"><div class=\"wpb_column vc_column_container vc_col-sm-12\"><div class=\"vc_column-inner\"><div class=\"wpb_wrapper\">\n\n\t\t\t<div class=\"stm_testimonials cols_2 style_2\">\n\t\t\t\t\t\t\t<div class=\"item\">\n\t\t\t\t\t<div class=\"testimonial\"><p>Consulting theme is an invaluable partner. Our teams have collaborated to support the growing field of practitioners using collective impact.<\/p>\n<\/div>\n\t\t\t\t\t<div class=\"testimonial-info clearfix\">\n\t\t\t\t\t\t<div class=\"testimonial-image\"><img loading=\"lazy\" decoding=\"async\" width=\"50\" height=\"50\" src=\"https:\/\/studio-kuri.com\/wp-content\/uploads\/2023\/12\/testimonials-1.jpg\" class=\"attachment-consulting-image-50x50-croped size-consulting-image-50x50-croped wp-post-image\" alt=\"\" srcset=\"https:\/\/studio-kuri.com\/wp-content\/uploads\/2023\/12\/testimonials-1.jpg 360w, https:\/\/studio-kuri.com\/wp-content\/uploads\/2023\/12\/testimonials-1-100x100.jpg 100w, https:\/\/studio-kuri.com\/wp-content\/uploads\/2023\/12\/testimonials-1-150x150.jpg 150w\" sizes=\"auto, (max-width: 50px) 100vw, 50px\" \/><\/div>\n\t\t\t\t\t\t<div class=\"testimonial-text\">\n\t\t\t\t\t\t\t<div class=\"name\">Donald Simpson<\/div>\n\t\t\t\t\t\t\t<div class=\"company\">\n\t\t\t\t\t\t\tChairman, Bluewater Corp\t\t\t\t\t\t\t<\/div>\n\t\t\t\t\t\t<\/div>\n\t\t\t\t\t<\/div>\n\t\t\t\t<\/div>\n\t\t\t\t\t\t\t<div class=\"item\">\n\t\t\t\t\t<div class=\"testimonial\"><p>We thought a lot before choosing the Financial WordPress Theme because we wanted to sure our investment would yield results.<\/p>\n<\/div>\n\t\t\t\t\t<div class=\"testimonial-info clearfix\">\n\t\t\t\t\t\t<div class=\"testimonial-image\"><img loading=\"lazy\" decoding=\"async\" width=\"50\" height=\"50\" src=\"https:\/\/studio-kuri.com\/wp-content\/uploads\/2023\/12\/testimonials-2.jpg\" class=\"attachment-consulting-image-50x50-croped size-consulting-image-50x50-croped wp-post-image\" alt=\"\" srcset=\"https:\/\/studio-kuri.com\/wp-content\/uploads\/2023\/12\/testimonials-2.jpg 360w, https:\/\/studio-kuri.com\/wp-content\/uploads\/2023\/12\/testimonials-2-100x100.jpg 100w, https:\/\/studio-kuri.com\/wp-content\/uploads\/2023\/12\/testimonials-2-150x150.jpg 150w\" sizes=\"auto, (max-width: 50px) 100vw, 50px\" \/><\/div>\n\t\t\t\t\t\t<div class=\"testimonial-text\">\n\t\t\t\t\t\t\t<div class=\"name\">Cintia Le Corre<\/div>\n\t\t\t\t\t\t\t<div class=\"company\">\n\t\t\t\t\t\t\tChairman, Harmony Corporation\t\t\t\t\t\t\t<\/div>\n\t\t\t\t\t\t<\/div>\n\t\t\t\t\t<\/div>\n\t\t\t\t<\/div>\n\t\t\t\t\t\t\t<div class=\"item\">\n\t\t\t\t\t<div class=\"testimonial\"><p>We were amazed by how little effort was required on our part to have Consulting WP prepare these materials. We exchanged a few phone calls.<\/p>\n<\/div>\n\t\t\t\t\t<div class=\"testimonial-info clearfix\">\n\t\t\t\t\t\t<div class=\"testimonial-image\"><img loading=\"lazy\" decoding=\"async\" width=\"50\" height=\"50\" src=\"https:\/\/studio-kuri.com\/wp-content\/uploads\/2023\/12\/testimonials-3.jpg\" class=\"attachment-consulting-image-50x50-croped size-consulting-image-50x50-croped wp-post-image\" alt=\"\" srcset=\"https:\/\/studio-kuri.com\/wp-content\/uploads\/2023\/12\/testimonials-3.jpg 360w, https:\/\/studio-kuri.com\/wp-content\/uploads\/2023\/12\/testimonials-3-100x100.jpg 100w, https:\/\/studio-kuri.com\/wp-content\/uploads\/2023\/12\/testimonials-3-150x150.jpg 150w\" sizes=\"auto, (max-width: 50px) 100vw, 50px\" \/><\/div>\n\t\t\t\t\t\t<div class=\"testimonial-text\">\n\t\t\t\t\t\t\t<div class=\"name\">Amanda Seyfried<\/div>\n\t\t\t\t\t\t\t<div class=\"company\">\n\t\t\t\t\t\t\tFounder &amp; CEO, Arcade Systems\t\t\t\t\t\t\t<\/div>\n\t\t\t\t\t\t<\/div>\n\t\t\t\t\t<\/div>\n\t\t\t\t<\/div>\n\t\t\t\t\t\t\t<div class=\"item\">\n\t\t\t\t\t<div class=\"testimonial\"><p>The demands for financial institutions have changed a bit. Obfuscation is no longer accepted, which is why this Business WordPress Theme is so perfect.<\/p>\n<\/div>\n\t\t\t\t\t<div class=\"testimonial-info clearfix\">\n\t\t\t\t\t\t<div class=\"testimonial-image\"><img loading=\"lazy\" decoding=\"async\" width=\"50\" height=\"50\" src=\"https:\/\/studio-kuri.com\/wp-content\/uploads\/2023\/12\/testimonials-2.jpg\" class=\"attachment-consulting-image-50x50-croped size-consulting-image-50x50-croped wp-post-image\" alt=\"\" srcset=\"https:\/\/studio-kuri.com\/wp-content\/uploads\/2023\/12\/testimonials-2.jpg 360w, https:\/\/studio-kuri.com\/wp-content\/uploads\/2023\/12\/testimonials-2-100x100.jpg 100w, https:\/\/studio-kuri.com\/wp-content\/uploads\/2023\/12\/testimonials-2-150x150.jpg 150w\" sizes=\"auto, (max-width: 50px) 100vw, 50px\" \/><\/div>\n\t\t\t\t\t\t<div class=\"testimonial-text\">\n\t\t\t\t\t\t\t<div class=\"name\">Debbie K\u00fcbel-Sorger<\/div>\n\t\t\t\t\t\t\t<div class=\"company\">\n\t\t\t\t\t\t\tChairman, Kreutz Airlines\t\t\t\t\t\t\t<\/div>\n\t\t\t\t\t\t<\/div>\n\t\t\t\t\t<\/div>\n\t\t\t\t<\/div>\n\t\t\t\t\t\t\t<div class=\"item\">\n\t\t\t\t\t<div class=\"testimonial\"><p>Consulting WordPress Theme is the way to go for financial institutions. We take pride in being a transparent and perfection oriented organization.<\/p>\n<\/div>\n\t\t\t\t\t<div class=\"testimonial-info clearfix\">\n\t\t\t\t\t\t<div class=\"testimonial-image\"><img loading=\"lazy\" decoding=\"async\" width=\"50\" height=\"50\" src=\"https:\/\/studio-kuri.com\/wp-content\/uploads\/2023\/12\/testimonials-3.jpg\" class=\"attachment-consulting-image-50x50-croped size-consulting-image-50x50-croped wp-post-image\" alt=\"\" srcset=\"https:\/\/studio-kuri.com\/wp-content\/uploads\/2023\/12\/testimonials-3.jpg 360w, https:\/\/studio-kuri.com\/wp-content\/uploads\/2023\/12\/testimonials-3-100x100.jpg 100w, https:\/\/studio-kuri.com\/wp-content\/uploads\/2023\/12\/testimonials-3-150x150.jpg 150w\" sizes=\"auto, (max-width: 50px) 100vw, 50px\" \/><\/div>\n\t\t\t\t\t\t<div class=\"testimonial-text\">\n\t\t\t\t\t\t\t<div class=\"name\">Christian Marcil<\/div>\n\t\t\t\t\t\t\t<div class=\"company\">\n\t\t\t\t\t\t\tPartner &amp; Managing Director, Grandier Co.\t\t\t\t\t\t\t<\/div>\n\t\t\t\t\t\t<\/div>\n\t\t\t\t\t<\/div>\n\t\t\t\t<\/div>\n\t\t\t\t\t\t\t<div class=\"item\">\n\t\t\t\t\t<div class=\"testimonial\"><p>Prior to joining Consulting WP, Bianca ran a project management software firm in the U.S. and worked in consulting and investment banking.<\/p>\n<\/div>\n\t\t\t\t\t<div class=\"testimonial-info clearfix\">\n\t\t\t\t\t\t<div class=\"testimonial-image\"><img loading=\"lazy\" decoding=\"async\" width=\"50\" height=\"50\" src=\"https:\/\/studio-kuri.com\/wp-content\/uploads\/2023\/12\/testimonials-4.jpg\" class=\"attachment-consulting-image-50x50-croped size-consulting-image-50x50-croped wp-post-image\" alt=\"\" srcset=\"https:\/\/studio-kuri.com\/wp-content\/uploads\/2023\/12\/testimonials-4.jpg 360w, https:\/\/studio-kuri.com\/wp-content\/uploads\/2023\/12\/testimonials-4-100x100.jpg 100w, https:\/\/studio-kuri.com\/wp-content\/uploads\/2023\/12\/testimonials-4-150x150.jpg 150w\" sizes=\"auto, (max-width: 50px) 100vw, 50px\" \/><\/div>\n\t\t\t\t\t\t<div class=\"testimonial-text\">\n\t\t\t\t\t\t\t<div class=\"name\">Bianca Hammound<\/div>\n\t\t\t\t\t\t\t<div class=\"company\">\n\t\t\t\t\t\t\tManaging Director, Ericksson\t\t\t\t\t\t\t<\/div>\n\t\t\t\t\t\t<\/div>\n\t\t\t\t\t<\/div>\n\t\t\t\t<\/div>\n\t\t\t\t\t<\/div>\n\t\n\t<\/div><\/div><\/div><\/div><div data-vc-full-width=\"true\" data-vc-full-width-init=\"false\" class=\"vc_row wpb_row vc_row-fluid third_bg_color vc_custom_1459505959648\"><div class=\"wpb_column vc_column_container vc_col-sm-12\"><div class=\"vc_column-inner\"><div class=\"wpb_wrapper\">\n<section class=\"vc_cta3-container\" >\n    <div class=\"vc_general vc_cta3 third_bg_color vc_cta3-style-flat vc_cta3-shape-square vc_cta3-align-left vc_cta3-color-classic vc_cta3-icon-size-md vc_cta3-actions-right vc_custom_1545393752493 style=\"\"\">\n                        <div class=\"vc_cta3_content-container\">\n                                    <div class=\"vc_cta3-content\">\n                <header class=\"vc_cta3-content-header\">\n                    <div class=\"vc_custom_heading\" ><h2 style=\"font-size: 20px;color: #000000;line-height: 24px\" class=\"consulting-custom-title\">Po k\u00ebrkoni nj\u00eb konsulent t\u00eb planit t\u00eb biznesit t\u00eb klasit t\u00eb par\u00eb?<\/h2><\/div>                                    <\/header>\n                            <\/div>\n                        <div class=\"vc_cta3-actions\"><div class=\"vc_btn3-container vc_btn3-right\" ><a class=\"vc_general vc_btn3 vc_btn3-size-lg vc_btn3-shape-rounded vc_btn3-style-flat vc_btn3-icon-right vc_btn3-color-theme_style_2\" href=\"#\" title=\"\">Kontakto <i class=\"vc_btn3-icon fa fa-chevron-right\"><\/i><\/a><\/div><\/div>        <\/div>\n                    <\/div>\n<\/section><\/div><\/div><\/div><\/div><div class=\"vc_row-full-width vc_clearfix\"><\/div>\n<\/div>","protected":false},"excerpt":{"rendered":"","protected":false},"author":1,"featured_media":0,"parent":0,"menu_order":0,"comment_status":"closed","ping_status":"closed","template":"","meta":{"footnotes":""},"class_list":["post-324","page","type-page","status-publish","hentry"],"yoast_head":"<!-- This site is optimized with the Yoast SEO Premium plugin v21.5 (Yoast SEO v26.8) - https:\/\/yoast.com\/product\/yoast-seo-premium-wordpress\/ -->\n<title>Testimonials 1 - Studio Kuri<\/title>\n<meta name=\"robots\" content=\"index, follow, max-snippet:-1, max-image-preview:large, max-video-preview:-1\" \/>\n<link rel=\"canonical\" href=\"https:\/\/studio-kuri.com\/sq\/testimonials-page\/\" \/>\n<meta property=\"og:locale\" content=\"sq_AL\" \/>\n<meta property=\"og:type\" content=\"article\" \/>\n<meta property=\"og:title\" content=\"Testimonials 1\" \/>\n<meta property=\"og:url\" content=\"https:\/\/studio-kuri.com\/sq\/testimonials-page\/\" \/>\n<meta property=\"og:site_name\" content=\"Studio Kuri\" \/>\n<meta property=\"og:image\" content=\"https:\/\/studio-kuri.com\/wp-content\/uploads\/2023\/11\/Poli-Logo_2-trans.png\" \/>\n\t<meta property=\"og:image:width\" content=\"894\" \/>\n\t<meta property=\"og:image:height\" content=\"269\" \/>\n\t<meta property=\"og:image:type\" content=\"image\/png\" \/>\n<meta name=\"twitter:card\" content=\"summary_large_image\" \/>\n<meta name=\"twitter:label1\" content=\"Est. reading time\" \/>\n\t<meta name=\"twitter:data1\" content=\"1 minut\u00eb\" \/>\n<script type=\"application\/ld+json\" class=\"yoast-schema-graph\">{\"@context\":\"https:\/\/schema.org\",\"@graph\":[{\"@type\":\"WebPage\",\"@id\":\"https:\/\/studio-kuri.com\/testimonials-page\/\",\"url\":\"https:\/\/studio-kuri.com\/testimonials-page\/\",\"name\":\"Testimonials 1 - Studio Kuri\",\"isPartOf\":{\"@id\":\"https:\/\/studio-kuri.com\/#website\"},\"datePublished\":\"2016-01-06T09:37:51+00:00\",\"breadcrumb\":{\"@id\":\"https:\/\/studio-kuri.com\/testimonials-page\/#breadcrumb\"},\"inLanguage\":\"sq\",\"potentialAction\":[{\"@type\":\"ReadAction\",\"target\":[\"https:\/\/studio-kuri.com\/testimonials-page\/\"]}]},{\"@type\":\"BreadcrumbList\",\"@id\":\"https:\/\/studio-kuri.com\/testimonials-page\/#breadcrumb\",\"itemListElement\":[{\"@type\":\"ListItem\",\"position\":1,\"name\":\"Home\",\"item\":\"https:\/\/studio-kuri.com\/\"},{\"@type\":\"ListItem\",\"position\":2,\"name\":\"Testimonials 1\"}]},{\"@type\":\"WebSite\",\"@id\":\"https:\/\/studio-kuri.com\/#website\",\"url\":\"https:\/\/studio-kuri.com\/\",\"name\":\"Studio Kuri\",\"description\":\"Studio Kuri Konsulence ekonomike dhe financiare\",\"publisher\":{\"@id\":\"https:\/\/studio-kuri.com\/#organization\"},\"potentialAction\":[{\"@type\":\"SearchAction\",\"target\":{\"@type\":\"EntryPoint\",\"urlTemplate\":\"https:\/\/studio-kuri.com\/?s={search_term_string}\"},\"query-input\":{\"@type\":\"PropertyValueSpecification\",\"valueRequired\":true,\"valueName\":\"search_term_string\"}}],\"inLanguage\":\"sq\"},{\"@type\":\"Organization\",\"@id\":\"https:\/\/studio-kuri.com\/#organization\",\"name\":\"Studio Kuri\",\"url\":\"https:\/\/studio-kuri.com\/\",\"logo\":{\"@type\":\"ImageObject\",\"inLanguage\":\"sq\",\"@id\":\"https:\/\/studio-kuri.com\/#\/schema\/logo\/image\/\",\"url\":\"https:\/\/studio-kuri.com\/wp-content\/uploads\/2023\/11\/Poli-Logo_2-trans.png\",\"contentUrl\":\"https:\/\/studio-kuri.com\/wp-content\/uploads\/2023\/11\/Poli-Logo_2-trans.png\",\"width\":894,\"height\":269,\"caption\":\"Studio Kuri\"},\"image\":{\"@id\":\"https:\/\/studio-kuri.com\/#\/schema\/logo\/image\/\"}}]}<\/script>\n<!-- \/ Yoast SEO Premium plugin. -->","yoast_head_json":{"title":"Testimonials 1 - Studio Kuri","robots":{"index":"index","follow":"follow","max-snippet":"max-snippet:-1","max-image-preview":"max-image-preview:large","max-video-preview":"max-video-preview:-1"},"canonical":"https:\/\/studio-kuri.com\/sq\/testimonials-page\/","og_locale":"sq_AL","og_type":"article","og_title":"Testimonials 1","og_url":"https:\/\/studio-kuri.com\/sq\/testimonials-page\/","og_site_name":"Studio Kuri","og_image":[{"width":894,"height":269,"url":"https:\/\/studio-kuri.com\/wp-content\/uploads\/2023\/11\/Poli-Logo_2-trans.png","type":"image\/png"}],"twitter_card":"summary_large_image","twitter_misc":{"Est. reading time":"1 minut\u00eb"},"schema":{"@context":"https:\/\/schema.org","@graph":[{"@type":"WebPage","@id":"https:\/\/studio-kuri.com\/testimonials-page\/","url":"https:\/\/studio-kuri.com\/testimonials-page\/","name":"Testimonials 1 - Studio Kuri","isPartOf":{"@id":"https:\/\/studio-kuri.com\/#website"},"datePublished":"2016-01-06T09:37:51+00:00","breadcrumb":{"@id":"https:\/\/studio-kuri.com\/testimonials-page\/#breadcrumb"},"inLanguage":"sq","potentialAction":[{"@type":"ReadAction","target":["https:\/\/studio-kuri.com\/testimonials-page\/"]}]},{"@type":"BreadcrumbList","@id":"https:\/\/studio-kuri.com\/testimonials-page\/#breadcrumb","itemListElement":[{"@type":"ListItem","position":1,"name":"Home","item":"https:\/\/studio-kuri.com\/"},{"@type":"ListItem","position":2,"name":"Testimonials 1"}]},{"@type":"WebSite","@id":"https:\/\/studio-kuri.com\/#website","url":"https:\/\/studio-kuri.com\/","name":"Studio Kuri","description":"Studio Kuri Konsulence ekonomike dhe financiare","publisher":{"@id":"https:\/\/studio-kuri.com\/#organization"},"potentialAction":[{"@type":"SearchAction","target":{"@type":"EntryPoint","urlTemplate":"https:\/\/studio-kuri.com\/?s={search_term_string}"},"query-input":{"@type":"PropertyValueSpecification","valueRequired":true,"valueName":"search_term_string"}}],"inLanguage":"sq"},{"@type":"Organization","@id":"https:\/\/studio-kuri.com\/#organization","name":"Studio Kuri","url":"https:\/\/studio-kuri.com\/","logo":{"@type":"ImageObject","inLanguage":"sq","@id":"https:\/\/studio-kuri.com\/#\/schema\/logo\/image\/","url":"https:\/\/studio-kuri.com\/wp-content\/uploads\/2023\/11\/Poli-Logo_2-trans.png","contentUrl":"https:\/\/studio-kuri.com\/wp-content\/uploads\/2023\/11\/Poli-Logo_2-trans.png","width":894,"height":269,"caption":"Studio Kuri"},"image":{"@id":"https:\/\/studio-kuri.com\/#\/schema\/logo\/image\/"}}]}},"_links":{"self":[{"href":"https:\/\/studio-kuri.com\/sq\/wp-json\/wp\/v2\/pages\/324","targetHints":{"allow":["GET"]}}],"collection":[{"href":"https:\/\/studio-kuri.com\/sq\/wp-json\/wp\/v2\/pages"}],"about":[{"href":"https:\/\/studio-kuri.com\/sq\/wp-json\/wp\/v2\/types\/page"}],"author":[{"embeddable":true,"href":"https:\/\/studio-kuri.com\/sq\/wp-json\/wp\/v2\/users\/1"}],"replies":[{"embeddable":true,"href":"https:\/\/studio-kuri.com\/sq\/wp-json\/wp\/v2\/comments?post=324"}],"version-history":[{"count":0,"href":"https:\/\/studio-kuri.com\/sq\/wp-json\/wp\/v2\/pages\/324\/revisions"}],"wp:attachment":[{"href":"https:\/\/studio-kuri.com\/sq\/wp-json\/wp\/v2\/media?parent=324"}],"curies":[{"name":"wp","href":"https:\/\/api.w.org\/{rel}","templated":true}]}}