{"id":1535,"date":"2017-02-10T09:26:18","date_gmt":"2017-02-10T09:26:18","guid":{"rendered":"http:\/\/consult.loc\/?page_id=1535"},"modified":"2017-02-10T09:26:18","modified_gmt":"2017-02-10T09:26:18","slug":"portfolio-grid","status":"publish","type":"page","link":"https:\/\/studio-kuri.com\/sq\/portfolio-grid\/","title":{"rendered":"Portfolio"},"content":{"rendered":"<div class=\"wpb-content-wrapper\"><div class=\"vc_row wpb_row vc_row-fluid vc_custom_1485854969371\"><div class=\"wpb_column vc_column_container vc_col-sm-12\"><div class=\"vc_column-inner\"><div class=\"wpb_wrapper\">\n\t<div class=\"portfolio_box style_1\">\n\t\t\t\t<div class=\"stm_portfolio_grid style_1\">\n\t\t\t<div class=\"item all default advanced-analytics\">\n                                                <div class=\"item_thumbnail has-thumbnail\">\n            <img decoding=\"async\" class=\"\" src=\"https:\/\/studio-kuri.com\/wp-content\/uploads\/2023\/12\/portfolio-2-700x500.jpg\" width=\"700\" height=\"500\" alt=\"\" title=\"\" loading=\"lazy\" \/>            <a href=\"https:\/\/studio-kuri.com\/sq\/portfolio\/volker-stevin-construction\/\">\n                <span class=\"portfolio-title\">\n                    Volker Stevin Construction                                            <span class=\"portfolio-category\">Advanced Analytics<\/span>\n                                    <\/span>\n            <\/a>\n        <\/div>\n        <\/div><div class=\"item all default financial-services\">\n                                                <div class=\"item_thumbnail has-thumbnail\">\n            <img decoding=\"async\" class=\"\" src=\"https:\/\/studio-kuri.com\/wp-content\/uploads\/2023\/12\/portfolio-3-700x500.jpg\" width=\"700\" height=\"500\" alt=\"\" title=\"\" loading=\"lazy\" \/>            <a href=\"https:\/\/studio-kuri.com\/sq\/portfolio\/beff-baffer-construction\/\">\n                <span class=\"portfolio-title\">\n                    Beff Baffer Construction                                            <span class=\"portfolio-category\">Sherbime Financiare<\/span>\n                                    <\/span>\n            <\/a>\n        <\/div>\n        <\/div><div class=\"item all long surface-transport-logistics\">\n                                                <div class=\"item_thumbnail has-thumbnail\">\n            <img decoding=\"async\" class=\"\" src=\"https:\/\/studio-kuri.com\/wp-content\/uploads\/2023\/12\/portfolio-4-700x855.jpg\" width=\"700\" height=\"855\" alt=\"\" title=\"\" loading=\"lazy\" \/>            <a href=\"https:\/\/studio-kuri.com\/sq\/portfolio\/focus-on-core-delivers-growth-for-retailer\/\">\n                <span class=\"portfolio-title\">\n                    Focus on core delivers growth for retailer                                            <span class=\"portfolio-category\">Surface Transport &amp; Logistics<\/span>\n                                    <\/span>\n            <\/a>\n        <\/div>\n        <\/div><div class=\"item all wide financial-services\">\n                                                <div class=\"item_thumbnail has-thumbnail\">\n            <img decoding=\"async\" class=\"\" src=\"https:\/\/studio-kuri.com\/wp-content\/uploads\/2023\/12\/portfolio-5-1140x500.jpg\" width=\"1140\" height=\"500\" alt=\"\" title=\"\" loading=\"lazy\" \/>            <a href=\"https:\/\/studio-kuri.com\/sq\/portfolio\/omnichannel-strategy-boosts-fashion-company\/\">\n                <span class=\"portfolio-title\">\n                    Omnichannel strategy boosts fashion company                                            <span class=\"portfolio-category\">Sherbime Financiare<\/span>\n                                    <\/span>\n            <\/a>\n        <\/div>\n        <\/div><div class=\"item all default advanced-analytics\">\n                                                <div class=\"item_thumbnail has-thumbnail\">\n            <img decoding=\"async\" class=\"\" src=\"https:\/\/studio-kuri.com\/wp-content\/uploads\/2023\/12\/portfolio-6-700x500.jpg\" width=\"700\" height=\"500\" alt=\"\" title=\"\" loading=\"lazy\" \/>            <a href=\"https:\/\/studio-kuri.com\/sq\/portfolio\/construction-of-railways\/\">\n                <span class=\"portfolio-title\">\n                    Construction of railways                                            <span class=\"portfolio-category\">Advanced Analytics<\/span>\n                                    <\/span>\n            <\/a>\n        <\/div>\n        <\/div><div class=\"item all default surface-transport-logistics\">\n                                                <div class=\"item_thumbnail has-thumbnail\">\n            <img decoding=\"async\" class=\"\" src=\"https:\/\/studio-kuri.com\/wp-content\/uploads\/2023\/12\/posts-1-700x500.jpg\" width=\"700\" height=\"500\" alt=\"\" title=\"\" loading=\"lazy\" \/>            <a href=\"https:\/\/studio-kuri.com\/sq\/portfolio\/negotiations-with-partners\/\">\n                <span class=\"portfolio-title\">\n                    Negotiations with partners                                            <span class=\"portfolio-category\">Surface Transport &amp; Logistics<\/span>\n                                    <\/span>\n            <\/a>\n        <\/div>\n        <\/div><div class=\"item all default financial-services\">\n                                                <div class=\"item_thumbnail has-thumbnail\">\n            <img decoding=\"async\" class=\"\" src=\"https:\/\/studio-kuri.com\/wp-content\/uploads\/2023\/12\/posts-2-700x500.jpg\" width=\"700\" height=\"500\" alt=\"\" title=\"\" loading=\"lazy\" \/>            <a href=\"https:\/\/studio-kuri.com\/sq\/portfolio\/construction-of-new-buildings\/\">\n                <span class=\"portfolio-title\">\n                    Construction of new buildings                                            <span class=\"portfolio-category\">Sherbime Financiare<\/span>\n                                    <\/span>\n            <\/a>\n        <\/div>\n        <\/div>\t\t<\/div>\n\t\t\t\t\t<div class=\"portfolio_btn_box\">\n\t\t\t\t<div class=\"portfolio_btn_loading vc_general vc_btn3 vc_btn3-size-lg vc_btn3-shape-rounded vc_btn3-style-outline vc_btn3-icon-left vc_btn3-color-theme_style_2\">loading...<\/div>\n\t\t\t\t<a href=\"#\" data-page=\"1\" data-load=\"7\" data-category=\"all\" data-style=\"style_1\" class=\"portfolio_load_more_btn vc_general vc_btn3 vc_btn3-size-lg vc_btn3-shape-rounded vc_btn3-style-outline vc_btn3-icon-left vc_btn3-color-theme_style_2\">\n\t\t\t\t\t<i class=\"fa fa-refresh vc_btn3-icon\" aria-hidden=\"true\"><\/i> load more\t\t\t\t<\/a>\n\t\t\t<\/div>\n\t\t\t\t\t<\/div>\n<script type=\"text\/javascript\">\n\tjQuery(document).ready(function ($) {\n\t\tvar $container = $(\".stm_portfolio_grid\");\n\t\tvar originLeft = true;\n\t\tif ($(\"body\").hasClass(\"rtl\")) {\n\t\t\toriginLeft = false;\n\t\t}\n\t\t$container.isotope({\n\t\t\tlayoutMode: \"packery\",\n\t\t\titemSelector: \".item\",\n\t\t\ttransitionDuration: \"0.7s\",\n\t\t\tgutter: 10,\n\t\t\tisOriginLeft: originLeft,\n\t\t\t\t\t});\n\t\t$container.imagesLoaded().progress(function () {\n\t\t\t$container.isotope(\"layout\");\n\t\t});\n\t\t$container.isotope(\"layout\");\n\n\t\t$(document).on(\"click\", \".portfolio_load_more_btn\", function (e) {\n\t\t\te.preventDefault();\n\t\t\tvar page = $(this).attr(\"data-page\");\n\t\t\tvar load_by = $(this).attr(\"data-load\");\n\t\t\tvar category = $(this).attr('data-category');\n\t\t\tvar style = $(this).attr('data-style');\n\t\t\tconst style_number = parseInt(style.replace(\/[^\\d]\/g, ''));\n\n\t\t\t$.ajax({\n\t\t\t\turl: ajaxurl,\n\t\t\t\ttype: \"POST\",\n\t\t\t\tdataType: \"json\",\n\t\t\t\tdata: \"&page=\" + page + \"&load_by=\" + load_by + \"&category=\" + category + \"&style=\" + style_number + \"&action=stm_ajax_load_portfolio&security=\" + stm_ajax_load_portfolio,\n\t\t\t\tcontext: this,\n\t\t\t\tbeforeSend: function (data) {\n\t\t\t\t\t$(this).parent().addClass(\"portfolio_posts_loading\");\n\t\t\t\t},\n\t\t\t\tsuccess: function (data) {\n\t\t\t\t\t$(this).parent().removeClass(\"portfolio_posts_loading\");\n\t\t\t\t\tif (data.html) {\n\t\t\t\t\tvar $items = $(data.html);\n\t\t\t\t\t\t$(\".stm_portfolio_grid\").append($items).isotope(\"appended\", $items, false);\n\t\t\t\t\t\tstm_sort_portfolio();\n\t\t\t\t\t}\n\t\t\t\t\t$(this).attr(\"data-page\", data.new_page);\n\t\t\t\t\tif (!data.load_more) {\n\t\t\t\t\t\t$(this).remove();\n\t\t\t\t\t\t$(\".portfolio_btn_box\").remove();\n\t\t\t\t\t}\n\t\t\t\t}\n\t\t\t});\n\t\t});\n\n\t\tfunction stm_sort_portfolio() {\n\t\t\t\/\/ Init Isotope\n\t\t\tif ($(\".stm_portfolio\").length) {\n\t\t\t\t$(\".stm_portfolio\").isotope({\n\t\t\t\titemSelector: \".item\",\n\t\t\t\t\tlayoutMode: \"packery\"\n\t\t\t\t});\n\t\t\t}\n\t\t}\n\n\t\tif ($container.closest('.vc_tta').length > 0) {\n\t\t\t$('.vc_tta-tab > a').on('click', function () {\n\t\t\t\tsetTimeout(function () {\n\t\t\t\t\t$container.isotope(\"layout\");\n\t\t\t\t\tstm_sort_portfolio();\n\t\t\t\t}, 300);\n\t\t\t})\n\t\t}\n\n\t\t$('.portfolio_box .category_filter a').on('click', function () {\n\t\t\tvar i = 0;\n\t\t\t$(this).closest('ul').find('li.active').removeClass('active');\n\t\t\t$(this).parent().addClass('active');\n\t\t\tvar sort = $(this).attr('href');\n\t\t\tsort = sort.substring(1);\n\t\t\t\t\t\t$container.isotope({\n\t\t\tfilter: '.' + sort\n\t\t\t});\n\t\t\t\t\t\treturn false;\n\t\t});\n\t});\n<\/script>\n<\/div><\/div><\/div><\/div><div data-vc-full-width=\"true\" data-vc-full-width-init=\"false\" class=\"vc_row wpb_row vc_row-fluid third_bg_color vc_custom_1484889309914\"><div class=\"wpb_column vc_column_container vc_col-sm-12\"><div class=\"vc_column-inner\"><div class=\"wpb_wrapper\">\n<section class=\"vc_cta3-container\" >\n    <div class=\"vc_general vc_cta3 third_bg_color vc_cta3-style-flat vc_cta3-shape-square vc_cta3-align-left vc_cta3-color-classic vc_cta3-icon-size-md vc_cta3-actions-right vc_custom_1545392573012 style=\"\"\">\n                        <div class=\"vc_cta3_content-container\">\n                                    <div class=\"vc_cta3-content\">\n                <header class=\"vc_cta3-content-header\">\n                    <div class=\"vc_custom_heading\" ><h2 style=\"font-size: 20px;color: #000000;line-height: 24px\" class=\"consulting-custom-title\">Po k\u00ebrkoni nj\u00eb konsulent t\u00eb planit t\u00eb biznesit t\u00eb klasit t\u00eb par\u00eb?<\/h2><\/div>                                    <\/header>\n                            <\/div>\n                        <div class=\"vc_cta3-actions\"><div class=\"vc_btn3-container vc_btn3-right\" ><button class=\"vc_general vc_btn3 vc_btn3-size-lg vc_btn3-shape-rounded vc_btn3-style-flat vc_btn3-block vc_btn3-icon-right vc_btn3-color-theme_style_2\">Kontakto <i class=\"vc_btn3-icon fa fa-chevron-right\"><\/i><\/button><\/div><\/div>        <\/div>\n                    <\/div>\n<\/section><\/div><\/div><\/div><\/div><div class=\"vc_row-full-width vc_clearfix\"><\/div>\n<\/div>","protected":false},"excerpt":{"rendered":"Construction of railways Client SquareSparc Ltd. Date December 11, 2016 Services Web Design, Web Development Website www.squaresparc.com Optimizing this above-the-fold area to make the most of the screen real estate had the biggest impact of all the things I tested. Switching my opt-in box from the sidebar on the right to the header area just","protected":false},"author":1,"featured_media":0,"parent":0,"menu_order":0,"comment_status":"closed","ping_status":"closed","template":"","meta":{"footnotes":""},"class_list":["post-1535","page","type-page","status-publish","hentry"],"yoast_head":"<!-- This site is optimized with the Yoast SEO Premium plugin v21.5 (Yoast SEO v26.8) - https:\/\/yoast.com\/product\/yoast-seo-premium-wordpress\/ -->\n<title>Portfolio - Studio Kuri<\/title>\n<meta name=\"robots\" content=\"index, follow, max-snippet:-1, max-image-preview:large, max-video-preview:-1\" \/>\n<link rel=\"canonical\" href=\"https:\/\/studio-kuri.com\/sq\/portfolio-grid\/\" \/>\n<meta property=\"og:locale\" content=\"sq_AL\" \/>\n<meta property=\"og:type\" content=\"article\" \/>\n<meta property=\"og:title\" content=\"Portfolio\" \/>\n<meta property=\"og:url\" content=\"https:\/\/studio-kuri.com\/sq\/portfolio-grid\/\" \/>\n<meta property=\"og:site_name\" content=\"Studio Kuri\" \/>\n<meta property=\"og:image\" content=\"https:\/\/studio-kuri.com\/wp-content\/uploads\/2023\/11\/Poli-Logo_2-trans.png\" \/>\n\t<meta property=\"og:image:width\" content=\"894\" \/>\n\t<meta property=\"og:image:height\" content=\"269\" \/>\n\t<meta property=\"og:image:type\" content=\"image\/png\" \/>\n<meta name=\"twitter:card\" content=\"summary_large_image\" \/>\n<meta name=\"twitter:label1\" content=\"Est. reading time\" \/>\n\t<meta name=\"twitter:data1\" content=\"1 minut\u00eb\" \/>\n<script type=\"application\/ld+json\" class=\"yoast-schema-graph\">{\"@context\":\"https:\/\/schema.org\",\"@graph\":[{\"@type\":\"WebPage\",\"@id\":\"https:\/\/studio-kuri.com\/portfolio-grid\/\",\"url\":\"https:\/\/studio-kuri.com\/portfolio-grid\/\",\"name\":\"Portfolio - Studio Kuri\",\"isPartOf\":{\"@id\":\"https:\/\/studio-kuri.com\/#website\"},\"datePublished\":\"2017-02-10T09:26:18+00:00\",\"breadcrumb\":{\"@id\":\"https:\/\/studio-kuri.com\/portfolio-grid\/#breadcrumb\"},\"inLanguage\":\"sq\",\"potentialAction\":[{\"@type\":\"ReadAction\",\"target\":[\"https:\/\/studio-kuri.com\/portfolio-grid\/\"]}]},{\"@type\":\"BreadcrumbList\",\"@id\":\"https:\/\/studio-kuri.com\/portfolio-grid\/#breadcrumb\",\"itemListElement\":[{\"@type\":\"ListItem\",\"position\":1,\"name\":\"Home\",\"item\":\"https:\/\/studio-kuri.com\/\"},{\"@type\":\"ListItem\",\"position\":2,\"name\":\"Portfolio\"}]},{\"@type\":\"WebSite\",\"@id\":\"https:\/\/studio-kuri.com\/#website\",\"url\":\"https:\/\/studio-kuri.com\/\",\"name\":\"Studio Kuri\",\"description\":\"Studio Kuri Konsulence ekonomike dhe financiare\",\"publisher\":{\"@id\":\"https:\/\/studio-kuri.com\/#organization\"},\"potentialAction\":[{\"@type\":\"SearchAction\",\"target\":{\"@type\":\"EntryPoint\",\"urlTemplate\":\"https:\/\/studio-kuri.com\/?s={search_term_string}\"},\"query-input\":{\"@type\":\"PropertyValueSpecification\",\"valueRequired\":true,\"valueName\":\"search_term_string\"}}],\"inLanguage\":\"sq\"},{\"@type\":\"Organization\",\"@id\":\"https:\/\/studio-kuri.com\/#organization\",\"name\":\"Studio Kuri\",\"url\":\"https:\/\/studio-kuri.com\/\",\"logo\":{\"@type\":\"ImageObject\",\"inLanguage\":\"sq\",\"@id\":\"https:\/\/studio-kuri.com\/#\/schema\/logo\/image\/\",\"url\":\"https:\/\/studio-kuri.com\/wp-content\/uploads\/2023\/11\/Poli-Logo_2-trans.png\",\"contentUrl\":\"https:\/\/studio-kuri.com\/wp-content\/uploads\/2023\/11\/Poli-Logo_2-trans.png\",\"width\":894,\"height\":269,\"caption\":\"Studio Kuri\"},\"image\":{\"@id\":\"https:\/\/studio-kuri.com\/#\/schema\/logo\/image\/\"}}]}<\/script>\n<!-- \/ Yoast SEO Premium plugin. -->","yoast_head_json":{"title":"Portfolio - Studio Kuri","robots":{"index":"index","follow":"follow","max-snippet":"max-snippet:-1","max-image-preview":"max-image-preview:large","max-video-preview":"max-video-preview:-1"},"canonical":"https:\/\/studio-kuri.com\/sq\/portfolio-grid\/","og_locale":"sq_AL","og_type":"article","og_title":"Portfolio","og_url":"https:\/\/studio-kuri.com\/sq\/portfolio-grid\/","og_site_name":"Studio Kuri","og_image":[{"width":894,"height":269,"url":"https:\/\/studio-kuri.com\/wp-content\/uploads\/2023\/11\/Poli-Logo_2-trans.png","type":"image\/png"}],"twitter_card":"summary_large_image","twitter_misc":{"Est. reading time":"1 minut\u00eb"},"schema":{"@context":"https:\/\/schema.org","@graph":[{"@type":"WebPage","@id":"https:\/\/studio-kuri.com\/portfolio-grid\/","url":"https:\/\/studio-kuri.com\/portfolio-grid\/","name":"Portfolio - Studio Kuri","isPartOf":{"@id":"https:\/\/studio-kuri.com\/#website"},"datePublished":"2017-02-10T09:26:18+00:00","breadcrumb":{"@id":"https:\/\/studio-kuri.com\/portfolio-grid\/#breadcrumb"},"inLanguage":"sq","potentialAction":[{"@type":"ReadAction","target":["https:\/\/studio-kuri.com\/portfolio-grid\/"]}]},{"@type":"BreadcrumbList","@id":"https:\/\/studio-kuri.com\/portfolio-grid\/#breadcrumb","itemListElement":[{"@type":"ListItem","position":1,"name":"Home","item":"https:\/\/studio-kuri.com\/"},{"@type":"ListItem","position":2,"name":"Portfolio"}]},{"@type":"WebSite","@id":"https:\/\/studio-kuri.com\/#website","url":"https:\/\/studio-kuri.com\/","name":"Studio Kuri","description":"Studio Kuri Konsulence ekonomike dhe financiare","publisher":{"@id":"https:\/\/studio-kuri.com\/#organization"},"potentialAction":[{"@type":"SearchAction","target":{"@type":"EntryPoint","urlTemplate":"https:\/\/studio-kuri.com\/?s={search_term_string}"},"query-input":{"@type":"PropertyValueSpecification","valueRequired":true,"valueName":"search_term_string"}}],"inLanguage":"sq"},{"@type":"Organization","@id":"https:\/\/studio-kuri.com\/#organization","name":"Studio Kuri","url":"https:\/\/studio-kuri.com\/","logo":{"@type":"ImageObject","inLanguage":"sq","@id":"https:\/\/studio-kuri.com\/#\/schema\/logo\/image\/","url":"https:\/\/studio-kuri.com\/wp-content\/uploads\/2023\/11\/Poli-Logo_2-trans.png","contentUrl":"https:\/\/studio-kuri.com\/wp-content\/uploads\/2023\/11\/Poli-Logo_2-trans.png","width":894,"height":269,"caption":"Studio Kuri"},"image":{"@id":"https:\/\/studio-kuri.com\/#\/schema\/logo\/image\/"}}]}},"_links":{"self":[{"href":"https:\/\/studio-kuri.com\/sq\/wp-json\/wp\/v2\/pages\/1535","targetHints":{"allow":["GET"]}}],"collection":[{"href":"https:\/\/studio-kuri.com\/sq\/wp-json\/wp\/v2\/pages"}],"about":[{"href":"https:\/\/studio-kuri.com\/sq\/wp-json\/wp\/v2\/types\/page"}],"author":[{"embeddable":true,"href":"https:\/\/studio-kuri.com\/sq\/wp-json\/wp\/v2\/users\/1"}],"replies":[{"embeddable":true,"href":"https:\/\/studio-kuri.com\/sq\/wp-json\/wp\/v2\/comments?post=1535"}],"version-history":[{"count":0,"href":"https:\/\/studio-kuri.com\/sq\/wp-json\/wp\/v2\/pages\/1535\/revisions"}],"wp:attachment":[{"href":"https:\/\/studio-kuri.com\/sq\/wp-json\/wp\/v2\/media?parent=1535"}],"curies":[{"name":"wp","href":"https:\/\/api.w.org\/{rel}","templated":true}]}}